{"id":4959,"date":"2026-04-22T10:58:03","date_gmt":"2026-04-22T10:58:03","guid":{"rendered":"https:\/\/carnetanatole.fr\/?page_id=4959"},"modified":"2026-04-29T11:38:31","modified_gmt":"2026-04-29T11:38:31","slug":"les-carnets-personnalises","status":"publish","type":"page","link":"https:\/\/carnetanatole.fr\/fr_fr\/les-carnets-personnalises","title":{"rendered":"Les carnets personnalis\u00e9s"},"content":{"rendered":"\n<p>Si \u00e7a ressemble \u00e0 un livre, Anatole peut le faire pour vous&nbsp;!<\/p>\n\n\n\n<p>Dans l\u2019atelier, on ne pr\u00e9pare pas que des carnets pr\u00eats \u00e0 adopter, pour vous les pr\u00e9senter en boutique ou lors des salons artisanaux\u00a0:<strong> Anatole cr\u00e9\u00e9 aussi pour vous les carnets, livres d\u2019or et grimoires qui r\u00e9pondent le plus pr\u00e9cis\u00e9ment \u00e0 vos envies<\/strong>.<\/p>\n\n\n\n<p>Si cette page est la premi\u00e8re page que vous consultez sur le site, bienvenue&nbsp;! Nous vous invitons d\u2019abord \u00e0 faire un petit tour sur le portfolio g\u00e9n\u00e9raliste, pour d\u00e9couvrir en un coup d\u2019\u0153il les productions de l\u2019atelier&nbsp;:<\/p>\n\n\n\n<div class=\"wp-block-buttons is-layout-flex wp-block-buttons-is-layout-flex\">\n<div class=\"wp-block-button\"><a class=\"wp-block-button__link has-background wp-element-button\" href=\"https:\/\/carnetanatole.fr\/le-portfolio\" style=\"background-color:#56e324\">Le portfolio<\/a><\/div>\n<\/div>\n\n\n\n<p>Pour les commandes sur-mesure, nous vous proposons deux grandes cat\u00e9gories&nbsp;: les variantes sur catalogue, et les mod\u00e8les uniques.<\/p>\n\n\n\n<h2 class=\"wp-block-heading\">Les variantes sur catalogue<\/h2>\n\n\n\n<p>Vous avez rep\u00e9r\u00e9 dans les productions de l\u2019atelier un carnet qui vous pla\u00eet, mais avec un d\u00e9tail \u00e0 changer&nbsp;? Type de papier int\u00e9rieur, nombre de pages, format, papier de couverture, \u2026 Vous trouverez les options disponibles \u00e0 la demande sur le catalogue&nbsp;:<\/p>\n\n\n\n<div data-wp-interactive=\"core\/file\" class=\"wp-block-file\"><object data-wp-bind--hidden=\"!state.hasPdfPreview\" hidden class=\"wp-block-file__embed\" data=\"https:\/\/carnetanatole.fr\/wp-content\/uploads\/2026\/04\/Catalogue-2026.pdf\" type=\"application\/pdf\" style=\"width:100%;height:600px\" aria-label=\"Contenu embarqu\u00e9 Catalogue 2026.\"><\/object><a id=\"wp-block-file--media-f21de636-deda-4a1b-ad34-92127de395f1\" href=\"https:\/\/carnetanatole.fr\/wp-content\/uploads\/2026\/04\/Catalogue-2026.pdf\">Catalogue 2026<\/a><a href=\"https:\/\/carnetanatole.fr\/wp-content\/uploads\/2026\/04\/Catalogue-2026.pdf\" class=\"wp-block-file__button wp-element-button\" download aria-describedby=\"wp-block-file--media-f21de636-deda-4a1b-ad34-92127de395f1\">T\u00e9l\u00e9charger<\/a><\/div>\n\n\n\n<p>Pour passer commande, contactez Anatole par mail ou via le formulaire de contact, avec les r\u00e9f\u00e9rences qui vous int\u00e9ressent&nbsp;:<\/p>\n\n\n\n<p><a href=\"mailto:anatole@carnetanatole.fr\">anatole@carnetanatole.fr<\/a><\/p>\n\n\n\n<div class=\"wp-block-buttons is-layout-flex wp-block-buttons-is-layout-flex\">\n<div class=\"wp-block-button\"><a class=\"wp-block-button__link has-background wp-element-button\" href=\"https:\/\/carnetanatole.fr\/contact\" style=\"background-color:#56e324\">Contacter l&rsquo;atelier<\/a><\/div>\n<\/div>\n\n\n\n<h2 class=\"wp-block-heading\">Les mod\u00e8les uniques<\/h2>\n\n\n\n<p>Les options disponibles sur catalogue ne r\u00e9pondent pas \u00e0 vos attentes, car <strong>le carnet que vous recherchez est vraiment unique<\/strong>\u00a0? Dans l\u2019atelier des Carnets d\u2019Anatole, nous pouvons r\u00e9aliser des carnets, livres d\u2019or et grimoires avec\u00a0:<\/p>\n\n\n\n<p>&#8211; <strong>votre papier int\u00e9rieur pr\u00e9f\u00e9r\u00e9<\/strong> (oui, m\u00eame ce papier que vous ne trouvez jamais dans aucun carnet !), car tous les carnets fabriqu\u00e9s dans l\u2019atelier sont cousus \u00e0 la main<\/p>\n\n\n\n<p>&#8211; <strong>le nombre de page id\u00e9al<\/strong> pour laisser la place \u00e0 votre cr\u00e9ativit\u00e9<\/p>\n\n\n\n<p>&#8211; <strong>un habillage ext\u00e9rieur qui correspond parfaitement \u00e0 votre personnalit\u00e9<\/strong>\u00a0: li\u00e8ge, motifs de papiers, coloris des rubans, format, syst\u00e8me de fermeture, pochettes cach\u00e9es\u2026<\/p>\n\n\n\n<p>&#8211; des d\u00e9cors peints \u00e0 la main, un papier \u00e0 motif r\u00e9alis\u00e9 uniquement pour vous, des d\u00e9tails en marqueterie\u2026 <strong>tournons cet objet-livre en objet d\u2019art\u00a0!<\/strong><\/p>\n\n\n\n<p>Pour les mod\u00e8les uniques, tous les tarifs sont sur devis\u00a0: pour obtenir une premi\u00e8re estimation, contactez Anatole par mail ou via le formulaire, en d\u00e9crivant avec autant de d\u00e9tails que possible votre projet\u00a0:<\/p>\n\n\n\n<p><a href=\"mailto:anatole@carnetanatole.fr\">anatole@carnetanatole.fr<\/a><\/p>\n\n\n\n<div class=\"wp-block-buttons is-layout-flex wp-block-buttons-is-layout-flex\">\n<div class=\"wp-block-button\"><a class=\"wp-block-button__link has-background wp-element-button\" href=\"https:\/\/carnetanatole.fr\/contact\" style=\"background-color:#56e324\">Contacter l&rsquo;atelier<\/a><\/div>\n<\/div>\n\n\n\n<p>Et si vous pr\u00e9f\u00e9rez pouvoir rencontrer d\u2019abord l\u2019artisan afin de discuter de vos projets de vive voix, nous vous donnons rendez-vous en itin\u00e9rance\u00a0:<\/p>\n\n\n\n<div class=\"wp-block-buttons is-layout-flex wp-block-buttons-is-layout-flex\">\n<div class=\"wp-block-button\"><a class=\"wp-block-button__link has-background wp-element-button\" href=\"https:\/\/carnetanatole.fr\/les-prochains-rendez-vous\" style=\"background-color:#56e324\">Agenda<\/a><\/div>\n<\/div>\n\n\n\n<p><\/p>\n","protected":false},"excerpt":{"rendered":"<p>Si \u00e7a ressemble \u00e0 un livre, Anatole peut le faire pour vous&nbsp;! Dans l\u2019atelier, on ne pr\u00e9pare pas que des carnets pr\u00eats \u00e0 adopter, pour vous les pr\u00e9senter en boutique ou lors des salons artisanaux\u00a0: Anatole cr\u00e9\u00e9 aussi pour vous les carnets, livres d\u2019or et grimoires qui r\u00e9pondent le plus pr\u00e9cis\u00e9ment \u00e0 vos envies. Si [&hellip;]<\/p>\n","protected":false},"author":1,"featured_media":0,"parent":0,"menu_order":0,"comment_status":"closed","ping_status":"closed","template":"","meta":{"_monsterinsights_skip_tracking":false,"_monsterinsights_sitenote_active":false,"_monsterinsights_sitenote_note":"","_monsterinsights_sitenote_category":0,"jetpack_post_was_ever_published":false,"footnotes":"","_links_to":"","_links_to_target":""},"class_list":["post-4959","page","type-page","status-publish","hentry"],"yoast_head":"<!-- This site is optimized with the Yoast SEO plugin v27.5 - https:\/\/yoast.com\/product\/yoast-seo-wordpress\/ -->\n<title>Les carnets personnalis\u00e9s - Les Carnets d&#039;Anatole<\/title>\n<meta name=\"robots\" content=\"index, follow, max-snippet:-1, max-image-preview:large, max-video-preview:-1\" \/>\n<link rel=\"canonical\" href=\"https:\/\/carnetanatole.fr\/fr_fr\/les-carnets-personnalises\/\" \/>\n<meta property=\"og:locale\" content=\"fr_FR\" \/>\n<meta property=\"og:type\" content=\"article\" \/>\n<meta property=\"og:title\" content=\"Les carnets personnalis\u00e9s - Les Carnets d&#039;Anatole\" \/>\n<meta property=\"og:description\" content=\"Si \u00e7a ressemble \u00e0 un livre, Anatole peut le faire pour vous&nbsp;! Dans l\u2019atelier, on ne pr\u00e9pare pas que des carnets pr\u00eats \u00e0 adopter, pour vous les pr\u00e9senter en boutique ou lors des salons artisanaux\u00a0: Anatole cr\u00e9\u00e9 aussi pour vous les carnets, livres d\u2019or et grimoires qui r\u00e9pondent le plus pr\u00e9cis\u00e9ment \u00e0 vos envies. Si [&hellip;]\" \/>\n<meta property=\"og:url\" content=\"https:\/\/carnetanatole.fr\/fr_fr\/les-carnets-personnalises\/\" \/>\n<meta property=\"og:site_name\" content=\"Les Carnets d&#039;Anatole\" \/>\n<meta property=\"article:modified_time\" content=\"2026-04-29T11:38:31+00:00\" \/>\n<meta name=\"twitter:card\" content=\"summary_large_image\" \/>\n<meta name=\"twitter:label1\" content=\"Dur\u00e9e de lecture estim\u00e9e\" \/>\n\t<meta name=\"twitter:data1\" content=\"2 minutes\" \/>\n<script type=\"application\/ld+json\" class=\"yoast-schema-graph\">{\"@context\":\"https:\\\/\\\/schema.org\",\"@graph\":[{\"@type\":\"WebPage\",\"@id\":\"https:\\\/\\\/carnetanatole.fr\\\/les-carnets-personnalises\",\"url\":\"https:\\\/\\\/carnetanatole.fr\\\/les-carnets-personnalises\",\"name\":\"Les carnets personnalis\u00e9s - Les Carnets d&#039;Anatole\",\"isPartOf\":{\"@id\":\"https:\\\/\\\/carnetanatole.fr\\\/#website\"},\"datePublished\":\"2026-04-22T10:58:03+00:00\",\"dateModified\":\"2026-04-29T11:38:31+00:00\",\"breadcrumb\":{\"@id\":\"https:\\\/\\\/carnetanatole.fr\\\/les-carnets-personnalises#breadcrumb\"},\"inLanguage\":\"fr-FR\",\"potentialAction\":[{\"@type\":\"ReadAction\",\"target\":[\"https:\\\/\\\/carnetanatole.fr\\\/les-carnets-personnalises\"]}]},{\"@type\":\"BreadcrumbList\",\"@id\":\"https:\\\/\\\/carnetanatole.fr\\\/les-carnets-personnalises#breadcrumb\",\"itemListElement\":[{\"@type\":\"ListItem\",\"position\":1,\"name\":\"Accueil\",\"item\":\"https:\\\/\\\/carnetanatole.fr\\\/\"},{\"@type\":\"ListItem\",\"position\":2,\"name\":\"Les carnets personnalis\u00e9s\"}]},{\"@type\":\"WebSite\",\"@id\":\"https:\\\/\\\/carnetanatole.fr\\\/#website\",\"url\":\"https:\\\/\\\/carnetanatole.fr\\\/\",\"name\":\"Les Carnets d&#039;Anatole\",\"description\":\"Grimoires, carnets, et illustrations\",\"publisher\":{\"@id\":\"https:\\\/\\\/carnetanatole.fr\\\/#organization\"},\"potentialAction\":[{\"@type\":\"SearchAction\",\"target\":{\"@type\":\"EntryPoint\",\"urlTemplate\":\"https:\\\/\\\/carnetanatole.fr\\\/?s={search_term_string}\"},\"query-input\":{\"@type\":\"PropertyValueSpecification\",\"valueRequired\":true,\"valueName\":\"search_term_string\"}}],\"inLanguage\":\"fr-FR\"},{\"@type\":\"Organization\",\"@id\":\"https:\\\/\\\/carnetanatole.fr\\\/#organization\",\"name\":\"Les Carnets d&#039;Anatole\",\"url\":\"https:\\\/\\\/carnetanatole.fr\\\/\",\"logo\":{\"@type\":\"ImageObject\",\"inLanguage\":\"fr-FR\",\"@id\":\"https:\\\/\\\/carnetanatole.fr\\\/#\\\/schema\\\/logo\\\/image\\\/\",\"url\":\"https:\\\/\\\/i0.wp.com\\\/carnetanatole.fr\\\/wp-content\\\/uploads\\\/2025\\\/04\\\/Illustration95-2-scaled.png?fit=2560%2C2560&ssl=1\",\"contentUrl\":\"https:\\\/\\\/i0.wp.com\\\/carnetanatole.fr\\\/wp-content\\\/uploads\\\/2025\\\/04\\\/Illustration95-2-scaled.png?fit=2560%2C2560&ssl=1\",\"width\":2560,\"height\":2560,\"caption\":\"Les Carnets d&#039;Anatole\"},\"image\":{\"@id\":\"https:\\\/\\\/carnetanatole.fr\\\/#\\\/schema\\\/logo\\\/image\\\/\"}}]}<\/script>\n<!-- \/ Yoast SEO plugin. -->","yoast_head_json":{"title":"Les carnets personnalis\u00e9s - Les Carnets d&#039;Anatole","robots":{"index":"index","follow":"follow","max-snippet":"max-snippet:-1","max-image-preview":"max-image-preview:large","max-video-preview":"max-video-preview:-1"},"canonical":"https:\/\/carnetanatole.fr\/fr_fr\/les-carnets-personnalises\/","og_locale":"fr_FR","og_type":"article","og_title":"Les carnets personnalis\u00e9s - Les Carnets d&#039;Anatole","og_description":"Si \u00e7a ressemble \u00e0 un livre, Anatole peut le faire pour vous&nbsp;! Dans l\u2019atelier, on ne pr\u00e9pare pas que des carnets pr\u00eats \u00e0 adopter, pour vous les pr\u00e9senter en boutique ou lors des salons artisanaux\u00a0: Anatole cr\u00e9\u00e9 aussi pour vous les carnets, livres d\u2019or et grimoires qui r\u00e9pondent le plus pr\u00e9cis\u00e9ment \u00e0 vos envies. Si [&hellip;]","og_url":"https:\/\/carnetanatole.fr\/fr_fr\/les-carnets-personnalises\/","og_site_name":"Les Carnets d&#039;Anatole","article_modified_time":"2026-04-29T11:38:31+00:00","twitter_card":"summary_large_image","twitter_misc":{"Dur\u00e9e de lecture estim\u00e9e":"2 minutes"},"schema":{"@context":"https:\/\/schema.org","@graph":[{"@type":"WebPage","@id":"https:\/\/carnetanatole.fr\/les-carnets-personnalises","url":"https:\/\/carnetanatole.fr\/les-carnets-personnalises","name":"Les carnets personnalis\u00e9s - Les Carnets d&#039;Anatole","isPartOf":{"@id":"https:\/\/carnetanatole.fr\/#website"},"datePublished":"2026-04-22T10:58:03+00:00","dateModified":"2026-04-29T11:38:31+00:00","breadcrumb":{"@id":"https:\/\/carnetanatole.fr\/les-carnets-personnalises#breadcrumb"},"inLanguage":"fr-FR","potentialAction":[{"@type":"ReadAction","target":["https:\/\/carnetanatole.fr\/les-carnets-personnalises"]}]},{"@type":"BreadcrumbList","@id":"https:\/\/carnetanatole.fr\/les-carnets-personnalises#breadcrumb","itemListElement":[{"@type":"ListItem","position":1,"name":"Accueil","item":"https:\/\/carnetanatole.fr\/"},{"@type":"ListItem","position":2,"name":"Les carnets personnalis\u00e9s"}]},{"@type":"WebSite","@id":"https:\/\/carnetanatole.fr\/#website","url":"https:\/\/carnetanatole.fr\/","name":"Les Carnets d&#039;Anatole","description":"Grimoires, carnets, et illustrations","publisher":{"@id":"https:\/\/carnetanatole.fr\/#organization"},"potentialAction":[{"@type":"SearchAction","target":{"@type":"EntryPoint","urlTemplate":"https:\/\/carnetanatole.fr\/?s={search_term_string}"},"query-input":{"@type":"PropertyValueSpecification","valueRequired":true,"valueName":"search_term_string"}}],"inLanguage":"fr-FR"},{"@type":"Organization","@id":"https:\/\/carnetanatole.fr\/#organization","name":"Les Carnets d&#039;Anatole","url":"https:\/\/carnetanatole.fr\/","logo":{"@type":"ImageObject","inLanguage":"fr-FR","@id":"https:\/\/carnetanatole.fr\/#\/schema\/logo\/image\/","url":"https:\/\/i0.wp.com\/carnetanatole.fr\/wp-content\/uploads\/2025\/04\/Illustration95-2-scaled.png?fit=2560%2C2560&ssl=1","contentUrl":"https:\/\/i0.wp.com\/carnetanatole.fr\/wp-content\/uploads\/2025\/04\/Illustration95-2-scaled.png?fit=2560%2C2560&ssl=1","width":2560,"height":2560,"caption":"Les Carnets d&#039;Anatole"},"image":{"@id":"https:\/\/carnetanatole.fr\/#\/schema\/logo\/image\/"}}]}},"jetpack_sharing_enabled":true,"jetpack_shortlink":"https:\/\/wp.me\/PaqFPH-1hZ","_links":{"self":[{"href":"https:\/\/carnetanatole.fr\/fr_fr\/wp-json\/wp\/v2\/pages\/4959","targetHints":{"allow":["GET"]}}],"collection":[{"href":"https:\/\/carnetanatole.fr\/fr_fr\/wp-json\/wp\/v2\/pages"}],"about":[{"href":"https:\/\/carnetanatole.fr\/fr_fr\/wp-json\/wp\/v2\/types\/page"}],"author":[{"embeddable":true,"href":"https:\/\/carnetanatole.fr\/fr_fr\/wp-json\/wp\/v2\/users\/1"}],"replies":[{"embeddable":true,"href":"https:\/\/carnetanatole.fr\/fr_fr\/wp-json\/wp\/v2\/comments?post=4959"}],"version-history":[{"count":2,"href":"https:\/\/carnetanatole.fr\/fr_fr\/wp-json\/wp\/v2\/pages\/4959\/revisions"}],"predecessor-version":[{"id":4993,"href":"https:\/\/carnetanatole.fr\/fr_fr\/wp-json\/wp\/v2\/pages\/4959\/revisions\/4993"}],"wp:attachment":[{"href":"https:\/\/carnetanatole.fr\/fr_fr\/wp-json\/wp\/v2\/media?parent=4959"}],"curies":[{"name":"wp","href":"https:\/\/api.w.org\/{rel}","templated":true}]}}