{"id":4949,"date":"2026-04-22T10:53:21","date_gmt":"2026-04-22T10:53:21","guid":{"rendered":"https:\/\/carnetanatole.fr\/?page_id=4949"},"modified":"2026-04-22T13:11:29","modified_gmt":"2026-04-22T13:11:29","slug":"les-carnets-pour-ecrire","status":"publish","type":"page","link":"https:\/\/carnetanatole.fr\/fr_fr\/les-carnets-pour-ecrire","title":{"rendered":"Les carnets pour \u00e9crire"},"content":{"rendered":"\n<p>Au milieu d\u2019une pluie de notifications, le bruit des pages qu\u2019on tourne et de la plume sur le papier vous offre un moment de calme dans la journ\u00e9e\u00a0: c\u2019est l\u2019heure d\u2019\u00e9crire\u00a0! Que ce soit <strong>pour planifier, garder une trace, ou r\u00eaver les yeux ouverts<\/strong>, il y a des milliers d\u2019id\u00e9es qui peuvent prendre vie sous forme de mots sur le papier.<\/p>\n\n\n\n<p>Chez les Carnets d\u2019Anatole, nous proposons des carnets pour \u00e9crire en format standard A5 et A6, pens\u00e9s pour les personnes qui aiment \u00e9crire \u00e0 la main&nbsp;:<\/p>\n\n\n\n<ul class=\"wp-block-list\">\n<li>100 pages de papier ivoire Clairefontaine, qui n\u2019accroche pas, pour une exp\u00e9rience d\u2019\u00e9criture la plus fluide et confortable possible<\/li>\n\n\n\n<li>des lignes en pontill\u00e9 gris\u00e9, g\u00e9n\u00e9reuses en espace et d\u2019apparence discr\u00e8te, pour une plus grande facilit\u00e9 d\u2019\u00e9criture<\/li>\n\n\n\n<li>un dos carr\u00e9 pour une ouverture optimale<\/li>\n\n\n\n<li>la petite touche finale\u00a0: un signet en ruban color\u00e9, pour marquer votre page<\/li>\n<\/ul>\n\n\n\n<p>Vous pouvez adopter un de nos carnets pour \u00e9crire sur la boutique en ligne (tr\u00e8s bient\u00f4t !) ou lors d\u2019un de nos prochains \u00e9v\u00e8nements\u00a0: <\/p>\n\n\n\n<div class=\"wp-block-buttons is-layout-flex wp-block-buttons-is-layout-flex\">\n<div class=\"wp-block-button\"><a class=\"wp-block-button__link has-background wp-element-button\" href=\"https:\/\/carnetanatole.fr\/les-prochains-rendez-vous\" style=\"background-color:#27d02f\">L&rsquo;agenda de l&rsquo;atelier<\/a><\/div>\n<\/div>\n\n\n\n<figure class=\"wp-block-gallery has-nested-images columns-default is-cropped wp-block-gallery-1 is-layout-flex wp-block-gallery-is-layout-flex\">\n<figure class=\"wp-block-image size-large\"><img data-recalc-dims=\"1\" loading=\"lazy\" decoding=\"async\" width=\"1024\" height=\"1024\" data-attachment-id=\"4333\" data-permalink=\"https:\/\/carnetanatole.fr\/fr_fr\/?attachment_id=4333\" data-orig-file=\"https:\/\/i0.wp.com\/carnetanatole.fr\/wp-content\/uploads\/2025\/10\/IMG20251025151308.jpg?fit=2541%2C2543&amp;ssl=1\" data-orig-size=\"2541,2543\" data-comments-opened=\"1\" data-image-meta=\"{&quot;aperture&quot;:&quot;0&quot;,&quot;credit&quot;:&quot;&quot;,&quot;camera&quot;:&quot;OPPO A74&quot;,&quot;caption&quot;:&quot;&quot;,&quot;created_timestamp&quot;:&quot;1761405188&quot;,&quot;copyright&quot;:&quot;&quot;,&quot;focal_length&quot;:&quot;0&quot;,&quot;iso&quot;:&quot;100&quot;,&quot;shutter_speed&quot;:&quot;0&quot;,&quot;title&quot;:&quot;&quot;,&quot;orientation&quot;:&quot;0&quot;}\" data-image-title=\"carnet li\u00e8ge coccinelle 3\" data-image-description=\"\" data-image-caption=\"\" data-large-file=\"https:\/\/i0.wp.com\/carnetanatole.fr\/wp-content\/uploads\/2025\/10\/IMG20251025151308.jpg?fit=1024%2C1024&amp;ssl=1\" data-id=\"4333\" src=\"https:\/\/i0.wp.com\/carnetanatole.fr\/wp-content\/uploads\/2025\/10\/IMG20251025151308.jpg?resize=1024%2C1024&#038;ssl=1\" alt=\"\" class=\"wp-image-4333\" srcset=\"https:\/\/i0.wp.com\/carnetanatole.fr\/wp-content\/uploads\/2025\/10\/IMG20251025151308.jpg?resize=1024%2C1024&amp;ssl=1 1024w, https:\/\/i0.wp.com\/carnetanatole.fr\/wp-content\/uploads\/2025\/10\/IMG20251025151308.jpg?resize=300%2C300&amp;ssl=1 300w, https:\/\/i0.wp.com\/carnetanatole.fr\/wp-content\/uploads\/2025\/10\/IMG20251025151308.jpg?resize=150%2C150&amp;ssl=1 150w, https:\/\/i0.wp.com\/carnetanatole.fr\/wp-content\/uploads\/2025\/10\/IMG20251025151308.jpg?resize=768%2C769&amp;ssl=1 768w, https:\/\/i0.wp.com\/carnetanatole.fr\/wp-content\/uploads\/2025\/10\/IMG20251025151308.jpg?resize=1536%2C1536&amp;ssl=1 1536w, https:\/\/i0.wp.com\/carnetanatole.fr\/wp-content\/uploads\/2025\/10\/IMG20251025151308.jpg?resize=2046%2C2048&amp;ssl=1 2046w, https:\/\/i0.wp.com\/carnetanatole.fr\/wp-content\/uploads\/2025\/10\/IMG20251025151308.jpg?resize=12%2C12&amp;ssl=1 12w, https:\/\/i0.wp.com\/carnetanatole.fr\/wp-content\/uploads\/2025\/10\/IMG20251025151308.jpg?resize=450%2C450&amp;ssl=1 450w, https:\/\/i0.wp.com\/carnetanatole.fr\/wp-content\/uploads\/2025\/10\/IMG20251025151308.jpg?resize=600%2C600&amp;ssl=1 600w, https:\/\/i0.wp.com\/carnetanatole.fr\/wp-content\/uploads\/2025\/10\/IMG20251025151308.jpg?resize=100%2C100&amp;ssl=1 100w\" sizes=\"auto, (max-width: 1000px) 100vw, 1000px\" \/><\/figure>\n\n\n\n<figure class=\"wp-block-image size-large\"><img data-recalc-dims=\"1\" loading=\"lazy\" decoding=\"async\" width=\"1024\" height=\"1024\" data-attachment-id=\"4334\" data-permalink=\"https:\/\/carnetanatole.fr\/fr_fr\/?attachment_id=4334\" data-orig-file=\"https:\/\/i0.wp.com\/carnetanatole.fr\/wp-content\/uploads\/2025\/10\/IMG20251025151321-scaled.jpg?fit=2560%2C2557&amp;ssl=1\" data-orig-size=\"2560,2557\" data-comments-opened=\"1\" data-image-meta=\"{&quot;aperture&quot;:&quot;0&quot;,&quot;credit&quot;:&quot;&quot;,&quot;camera&quot;:&quot;OPPO A74&quot;,&quot;caption&quot;:&quot;&quot;,&quot;created_timestamp&quot;:&quot;1761405201&quot;,&quot;copyright&quot;:&quot;&quot;,&quot;focal_length&quot;:&quot;0&quot;,&quot;iso&quot;:&quot;100&quot;,&quot;shutter_speed&quot;:&quot;0&quot;,&quot;title&quot;:&quot;&quot;,&quot;orientation&quot;:&quot;0&quot;}\" data-image-title=\"carnet li\u00e8ge coccinelle 4\" data-image-description=\"\" data-image-caption=\"\" data-large-file=\"https:\/\/i0.wp.com\/carnetanatole.fr\/wp-content\/uploads\/2025\/10\/IMG20251025151321-scaled.jpg?fit=1024%2C1024&amp;ssl=1\" data-id=\"4334\" src=\"https:\/\/i0.wp.com\/carnetanatole.fr\/wp-content\/uploads\/2025\/10\/IMG20251025151321.jpg?resize=1024%2C1024&#038;ssl=1\" alt=\"\" class=\"wp-image-4334\" srcset=\"https:\/\/i0.wp.com\/carnetanatole.fr\/wp-content\/uploads\/2025\/10\/IMG20251025151321-scaled.jpg?resize=1024%2C1024&amp;ssl=1 1024w, https:\/\/i0.wp.com\/carnetanatole.fr\/wp-content\/uploads\/2025\/10\/IMG20251025151321-scaled.jpg?resize=300%2C300&amp;ssl=1 300w, https:\/\/i0.wp.com\/carnetanatole.fr\/wp-content\/uploads\/2025\/10\/IMG20251025151321-scaled.jpg?resize=150%2C150&amp;ssl=1 150w, https:\/\/i0.wp.com\/carnetanatole.fr\/wp-content\/uploads\/2025\/10\/IMG20251025151321-scaled.jpg?resize=768%2C767&amp;ssl=1 768w, https:\/\/i0.wp.com\/carnetanatole.fr\/wp-content\/uploads\/2025\/10\/IMG20251025151321-scaled.jpg?resize=1536%2C1534&amp;ssl=1 1536w, https:\/\/i0.wp.com\/carnetanatole.fr\/wp-content\/uploads\/2025\/10\/IMG20251025151321-scaled.jpg?resize=2048%2C2046&amp;ssl=1 2048w, https:\/\/i0.wp.com\/carnetanatole.fr\/wp-content\/uploads\/2025\/10\/IMG20251025151321-scaled.jpg?resize=12%2C12&amp;ssl=1 12w, https:\/\/i0.wp.com\/carnetanatole.fr\/wp-content\/uploads\/2025\/10\/IMG20251025151321-scaled.jpg?resize=450%2C450&amp;ssl=1 450w, https:\/\/i0.wp.com\/carnetanatole.fr\/wp-content\/uploads\/2025\/10\/IMG20251025151321-scaled.jpg?resize=600%2C599&amp;ssl=1 600w, https:\/\/i0.wp.com\/carnetanatole.fr\/wp-content\/uploads\/2025\/10\/IMG20251025151321-scaled.jpg?resize=100%2C100&amp;ssl=1 100w\" sizes=\"auto, (max-width: 1000px) 100vw, 1000px\" \/><\/figure>\n\n\n\n<figure class=\"wp-block-image size-large\"><img data-recalc-dims=\"1\" loading=\"lazy\" decoding=\"async\" width=\"1024\" height=\"1024\" data-attachment-id=\"4330\" data-permalink=\"https:\/\/carnetanatole.fr\/fr_fr\/?attachment_id=4330\" data-orig-file=\"https:\/\/i0.wp.com\/carnetanatole.fr\/wp-content\/uploads\/2025\/10\/2.png?fit=1080%2C1080&amp;ssl=1\" data-orig-size=\"1080,1080\" data-comments-opened=\"1\" data-image-meta=\"{&quot;aperture&quot;:&quot;0&quot;,&quot;credit&quot;:&quot;&quot;,&quot;camera&quot;:&quot;&quot;,&quot;caption&quot;:&quot;&quot;,&quot;created_timestamp&quot;:&quot;0&quot;,&quot;copyright&quot;:&quot;&quot;,&quot;focal_length&quot;:&quot;0&quot;,&quot;iso&quot;:&quot;0&quot;,&quot;shutter_speed&quot;:&quot;0&quot;,&quot;title&quot;:&quot;&quot;,&quot;orientation&quot;:&quot;0&quot;}\" data-image-title=\"carnet coccinelle\" data-image-description=\"\" data-image-caption=\"\" data-large-file=\"https:\/\/i0.wp.com\/carnetanatole.fr\/wp-content\/uploads\/2025\/10\/2.png?fit=1024%2C1024&amp;ssl=1\" data-id=\"4330\" src=\"https:\/\/i0.wp.com\/carnetanatole.fr\/wp-content\/uploads\/2025\/10\/2.png?resize=1024%2C1024&#038;ssl=1\" alt=\"\" class=\"wp-image-4330\" srcset=\"https:\/\/i0.wp.com\/carnetanatole.fr\/wp-content\/uploads\/2025\/10\/2.png?resize=1024%2C1024&amp;ssl=1 1024w, https:\/\/i0.wp.com\/carnetanatole.fr\/wp-content\/uploads\/2025\/10\/2.png?resize=300%2C300&amp;ssl=1 300w, https:\/\/i0.wp.com\/carnetanatole.fr\/wp-content\/uploads\/2025\/10\/2.png?resize=150%2C150&amp;ssl=1 150w, https:\/\/i0.wp.com\/carnetanatole.fr\/wp-content\/uploads\/2025\/10\/2.png?resize=768%2C768&amp;ssl=1 768w, https:\/\/i0.wp.com\/carnetanatole.fr\/wp-content\/uploads\/2025\/10\/2.png?resize=12%2C12&amp;ssl=1 12w, https:\/\/i0.wp.com\/carnetanatole.fr\/wp-content\/uploads\/2025\/10\/2.png?resize=450%2C450&amp;ssl=1 450w, https:\/\/i0.wp.com\/carnetanatole.fr\/wp-content\/uploads\/2025\/10\/2.png?resize=600%2C600&amp;ssl=1 600w, https:\/\/i0.wp.com\/carnetanatole.fr\/wp-content\/uploads\/2025\/10\/2.png?resize=100%2C100&amp;ssl=1 100w, https:\/\/i0.wp.com\/carnetanatole.fr\/wp-content\/uploads\/2025\/10\/2.png?w=1080&amp;ssl=1 1080w\" sizes=\"auto, (max-width: 1000px) 100vw, 1000px\" \/><\/figure>\n<figcaption class=\"blocks-gallery-caption wp-element-caption\">Le carnet d&rsquo;\u00e9criture coccinelle, au format A5, votre petit pr\u00e9f\u00e9r\u00e9 sur les march\u00e9s !<\/figcaption><\/figure>\n\n\n\n<p>Vous cherchez d&rsquo;autres \u00e9l\u00e9ments chez vos carnets d\u2019\u00e9criture favoris\u00a0? Dans l\u2019atelier, il est possible de cr\u00e9er des carnets sur-mesure\u00a0:<\/p>\n\n\n\n<ul class=\"wp-block-list\">\n<li>avec un plus grand ou plus petit nombre de pages<\/li>\n\n\n\n<li>avec un type de lignes diff\u00e9rent (lignes pleines, lignes plus ou moins sombres, carreaux, etc.)<\/li>\n\n\n\n<li>dans un format diff\u00e9rent (plus petit, plus grand, carr\u00e9, tout en longueur, etc.)<\/li>\n\n\n\n<li>avec des \u00e9l\u00e9ments de d\u00e9cor en plus ou en moins (couverture enti\u00e8rement en li\u00e8ge, coins en li\u00e8ge, rubans de fermeture, pages color\u00e9es intercalaires, etc.)<\/li>\n<\/ul>\n\n\n\n<p>Pour en savoir plus\u00a0: <\/p>\n\n\n\n<div class=\"wp-block-buttons is-layout-flex wp-block-buttons-is-layout-flex\">\n<div class=\"wp-block-button\"><a class=\"wp-block-button__link has-background wp-element-button\" href=\"https:\/\/carnetanatole.fr\/les-carnets-personnalises\" style=\"background-color:#60d738\">Les carnets sur-mesure<\/a><\/div>\n<\/div>\n\n\n\n<p>Pour d\u00e9couvrir le reste du travail de l&rsquo;atelier en un coup d&rsquo;oeil :<\/p>\n\n\n\n<div class=\"wp-block-buttons is-layout-flex wp-block-buttons-is-layout-flex\">\n<div class=\"wp-block-button\"><a class=\"wp-block-button__link has-background wp-element-button\" href=\"https:\/\/carnetanatole.fr\/le-portfolio\" style=\"background-color:#58d733\">Le portfolio<\/a><\/div>\n<\/div>\n\n\n\n<p><\/p>\n","protected":false},"excerpt":{"rendered":"<p>Au milieu d\u2019une pluie de notifications, le bruit des pages qu\u2019on tourne et de la plume sur le papier vous offre un moment de calme dans la journ\u00e9e\u00a0: c\u2019est l\u2019heure d\u2019\u00e9crire\u00a0! Que ce soit pour planifier, garder une trace, ou r\u00eaver les yeux ouverts, il y a des milliers d\u2019id\u00e9es qui peuvent prendre vie sous [&hellip;]<\/p>\n","protected":false},"author":1,"featured_media":0,"parent":0,"menu_order":0,"comment_status":"closed","ping_status":"closed","template":"","meta":{"_monsterinsights_skip_tracking":false,"_monsterinsights_sitenote_active":false,"_monsterinsights_sitenote_note":"","_monsterinsights_sitenote_category":0,"jetpack_post_was_ever_published":false,"footnotes":"","_links_to":"","_links_to_target":""},"class_list":["post-4949","page","type-page","status-publish","hentry"],"yoast_head":"<!-- This site is optimized with the Yoast SEO plugin v27.5 - https:\/\/yoast.com\/product\/yoast-seo-wordpress\/ -->\n<title>Les carnets pour \u00e9crire - Les Carnets d&#039;Anatole<\/title>\n<meta name=\"robots\" content=\"index, follow, max-snippet:-1, max-image-preview:large, max-video-preview:-1\" \/>\n<link rel=\"canonical\" href=\"https:\/\/carnetanatole.fr\/fr_fr\/les-carnets-pour-ecrire\/\" \/>\n<meta property=\"og:locale\" content=\"fr_FR\" \/>\n<meta property=\"og:type\" content=\"article\" \/>\n<meta property=\"og:title\" content=\"Les carnets pour \u00e9crire - Les Carnets d&#039;Anatole\" \/>\n<meta property=\"og:description\" content=\"Au milieu d\u2019une pluie de notifications, le bruit des pages qu\u2019on tourne et de la plume sur le papier vous offre un moment de calme dans la journ\u00e9e\u00a0: c\u2019est l\u2019heure d\u2019\u00e9crire\u00a0! Que ce soit pour planifier, garder une trace, ou r\u00eaver les yeux ouverts, il y a des milliers d\u2019id\u00e9es qui peuvent prendre vie sous [&hellip;]\" \/>\n<meta property=\"og:url\" content=\"https:\/\/carnetanatole.fr\/fr_fr\/les-carnets-pour-ecrire\/\" \/>\n<meta property=\"og:site_name\" content=\"Les Carnets d&#039;Anatole\" \/>\n<meta property=\"article:modified_time\" content=\"2026-04-22T13:11:29+00:00\" \/>\n<meta property=\"og:image\" content=\"https:\/\/carnetanatole.fr\/wp-content\/uploads\/2025\/10\/IMG20251025151308-1024x1024.jpg\" \/>\n<meta name=\"twitter:card\" content=\"summary_large_image\" \/>\n<meta name=\"twitter:label1\" content=\"Dur\u00e9e de lecture estim\u00e9e\" \/>\n\t<meta name=\"twitter:data1\" content=\"3 minutes\" \/>\n<script type=\"application\/ld+json\" class=\"yoast-schema-graph\">{\"@context\":\"https:\\\/\\\/schema.org\",\"@graph\":[{\"@type\":\"WebPage\",\"@id\":\"https:\\\/\\\/carnetanatole.fr\\\/les-carnets-pour-ecrire\",\"url\":\"https:\\\/\\\/carnetanatole.fr\\\/les-carnets-pour-ecrire\",\"name\":\"Les carnets pour \u00e9crire - Les Carnets d&#039;Anatole\",\"isPartOf\":{\"@id\":\"https:\\\/\\\/carnetanatole.fr\\\/#website\"},\"primaryImageOfPage\":{\"@id\":\"https:\\\/\\\/carnetanatole.fr\\\/les-carnets-pour-ecrire#primaryimage\"},\"image\":{\"@id\":\"https:\\\/\\\/carnetanatole.fr\\\/les-carnets-pour-ecrire#primaryimage\"},\"thumbnailUrl\":\"https:\\\/\\\/carnetanatole.fr\\\/wp-content\\\/uploads\\\/2025\\\/10\\\/IMG20251025151308-1024x1024.jpg\",\"datePublished\":\"2026-04-22T10:53:21+00:00\",\"dateModified\":\"2026-04-22T13:11:29+00:00\",\"breadcrumb\":{\"@id\":\"https:\\\/\\\/carnetanatole.fr\\\/les-carnets-pour-ecrire#breadcrumb\"},\"inLanguage\":\"fr-FR\",\"potentialAction\":[{\"@type\":\"ReadAction\",\"target\":[\"https:\\\/\\\/carnetanatole.fr\\\/les-carnets-pour-ecrire\"]}]},{\"@type\":\"ImageObject\",\"inLanguage\":\"fr-FR\",\"@id\":\"https:\\\/\\\/carnetanatole.fr\\\/les-carnets-pour-ecrire#primaryimage\",\"url\":\"https:\\\/\\\/carnetanatole.fr\\\/wp-content\\\/uploads\\\/2025\\\/10\\\/IMG20251025151308-1024x1024.jpg\",\"contentUrl\":\"https:\\\/\\\/carnetanatole.fr\\\/wp-content\\\/uploads\\\/2025\\\/10\\\/IMG20251025151308-1024x1024.jpg\"},{\"@type\":\"BreadcrumbList\",\"@id\":\"https:\\\/\\\/carnetanatole.fr\\\/les-carnets-pour-ecrire#breadcrumb\",\"itemListElement\":[{\"@type\":\"ListItem\",\"position\":1,\"name\":\"Accueil\",\"item\":\"https:\\\/\\\/carnetanatole.fr\\\/\"},{\"@type\":\"ListItem\",\"position\":2,\"name\":\"Les carnets pour \u00e9crire\"}]},{\"@type\":\"WebSite\",\"@id\":\"https:\\\/\\\/carnetanatole.fr\\\/#website\",\"url\":\"https:\\\/\\\/carnetanatole.fr\\\/\",\"name\":\"Les Carnets d&#039;Anatole\",\"description\":\"Grimoires, carnets, et illustrations\",\"publisher\":{\"@id\":\"https:\\\/\\\/carnetanatole.fr\\\/#organization\"},\"potentialAction\":[{\"@type\":\"SearchAction\",\"target\":{\"@type\":\"EntryPoint\",\"urlTemplate\":\"https:\\\/\\\/carnetanatole.fr\\\/?s={search_term_string}\"},\"query-input\":{\"@type\":\"PropertyValueSpecification\",\"valueRequired\":true,\"valueName\":\"search_term_string\"}}],\"inLanguage\":\"fr-FR\"},{\"@type\":\"Organization\",\"@id\":\"https:\\\/\\\/carnetanatole.fr\\\/#organization\",\"name\":\"Les Carnets d&#039;Anatole\",\"url\":\"https:\\\/\\\/carnetanatole.fr\\\/\",\"logo\":{\"@type\":\"ImageObject\",\"inLanguage\":\"fr-FR\",\"@id\":\"https:\\\/\\\/carnetanatole.fr\\\/#\\\/schema\\\/logo\\\/image\\\/\",\"url\":\"https:\\\/\\\/i0.wp.com\\\/carnetanatole.fr\\\/wp-content\\\/uploads\\\/2025\\\/04\\\/Illustration95-2-scaled.png?fit=2560%2C2560&ssl=1\",\"contentUrl\":\"https:\\\/\\\/i0.wp.com\\\/carnetanatole.fr\\\/wp-content\\\/uploads\\\/2025\\\/04\\\/Illustration95-2-scaled.png?fit=2560%2C2560&ssl=1\",\"width\":2560,\"height\":2560,\"caption\":\"Les Carnets d&#039;Anatole\"},\"image\":{\"@id\":\"https:\\\/\\\/carnetanatole.fr\\\/#\\\/schema\\\/logo\\\/image\\\/\"}}]}<\/script>\n<!-- \/ Yoast SEO plugin. -->","yoast_head_json":{"title":"Les carnets pour \u00e9crire - Les Carnets d&#039;Anatole","robots":{"index":"index","follow":"follow","max-snippet":"max-snippet:-1","max-image-preview":"max-image-preview:large","max-video-preview":"max-video-preview:-1"},"canonical":"https:\/\/carnetanatole.fr\/fr_fr\/les-carnets-pour-ecrire\/","og_locale":"fr_FR","og_type":"article","og_title":"Les carnets pour \u00e9crire - Les Carnets d&#039;Anatole","og_description":"Au milieu d\u2019une pluie de notifications, le bruit des pages qu\u2019on tourne et de la plume sur le papier vous offre un moment de calme dans la journ\u00e9e\u00a0: c\u2019est l\u2019heure d\u2019\u00e9crire\u00a0! Que ce soit pour planifier, garder une trace, ou r\u00eaver les yeux ouverts, il y a des milliers d\u2019id\u00e9es qui peuvent prendre vie sous [&hellip;]","og_url":"https:\/\/carnetanatole.fr\/fr_fr\/les-carnets-pour-ecrire\/","og_site_name":"Les Carnets d&#039;Anatole","article_modified_time":"2026-04-22T13:11:29+00:00","og_image":[{"url":"https:\/\/carnetanatole.fr\/wp-content\/uploads\/2025\/10\/IMG20251025151308-1024x1024.jpg","type":"","width":"","height":""}],"twitter_card":"summary_large_image","twitter_misc":{"Dur\u00e9e de lecture estim\u00e9e":"3 minutes"},"schema":{"@context":"https:\/\/schema.org","@graph":[{"@type":"WebPage","@id":"https:\/\/carnetanatole.fr\/les-carnets-pour-ecrire","url":"https:\/\/carnetanatole.fr\/les-carnets-pour-ecrire","name":"Les carnets pour \u00e9crire - Les Carnets d&#039;Anatole","isPartOf":{"@id":"https:\/\/carnetanatole.fr\/#website"},"primaryImageOfPage":{"@id":"https:\/\/carnetanatole.fr\/les-carnets-pour-ecrire#primaryimage"},"image":{"@id":"https:\/\/carnetanatole.fr\/les-carnets-pour-ecrire#primaryimage"},"thumbnailUrl":"https:\/\/carnetanatole.fr\/wp-content\/uploads\/2025\/10\/IMG20251025151308-1024x1024.jpg","datePublished":"2026-04-22T10:53:21+00:00","dateModified":"2026-04-22T13:11:29+00:00","breadcrumb":{"@id":"https:\/\/carnetanatole.fr\/les-carnets-pour-ecrire#breadcrumb"},"inLanguage":"fr-FR","potentialAction":[{"@type":"ReadAction","target":["https:\/\/carnetanatole.fr\/les-carnets-pour-ecrire"]}]},{"@type":"ImageObject","inLanguage":"fr-FR","@id":"https:\/\/carnetanatole.fr\/les-carnets-pour-ecrire#primaryimage","url":"https:\/\/carnetanatole.fr\/wp-content\/uploads\/2025\/10\/IMG20251025151308-1024x1024.jpg","contentUrl":"https:\/\/carnetanatole.fr\/wp-content\/uploads\/2025\/10\/IMG20251025151308-1024x1024.jpg"},{"@type":"BreadcrumbList","@id":"https:\/\/carnetanatole.fr\/les-carnets-pour-ecrire#breadcrumb","itemListElement":[{"@type":"ListItem","position":1,"name":"Accueil","item":"https:\/\/carnetanatole.fr\/"},{"@type":"ListItem","position":2,"name":"Les carnets pour \u00e9crire"}]},{"@type":"WebSite","@id":"https:\/\/carnetanatole.fr\/#website","url":"https:\/\/carnetanatole.fr\/","name":"Les Carnets d&#039;Anatole","description":"Grimoires, carnets, et illustrations","publisher":{"@id":"https:\/\/carnetanatole.fr\/#organization"},"potentialAction":[{"@type":"SearchAction","target":{"@type":"EntryPoint","urlTemplate":"https:\/\/carnetanatole.fr\/?s={search_term_string}"},"query-input":{"@type":"PropertyValueSpecification","valueRequired":true,"valueName":"search_term_string"}}],"inLanguage":"fr-FR"},{"@type":"Organization","@id":"https:\/\/carnetanatole.fr\/#organization","name":"Les Carnets d&#039;Anatole","url":"https:\/\/carnetanatole.fr\/","logo":{"@type":"ImageObject","inLanguage":"fr-FR","@id":"https:\/\/carnetanatole.fr\/#\/schema\/logo\/image\/","url":"https:\/\/i0.wp.com\/carnetanatole.fr\/wp-content\/uploads\/2025\/04\/Illustration95-2-scaled.png?fit=2560%2C2560&ssl=1","contentUrl":"https:\/\/i0.wp.com\/carnetanatole.fr\/wp-content\/uploads\/2025\/04\/Illustration95-2-scaled.png?fit=2560%2C2560&ssl=1","width":2560,"height":2560,"caption":"Les Carnets d&#039;Anatole"},"image":{"@id":"https:\/\/carnetanatole.fr\/#\/schema\/logo\/image\/"}}]}},"jetpack_sharing_enabled":true,"jetpack_shortlink":"https:\/\/wp.me\/PaqFPH-1hP","_links":{"self":[{"href":"https:\/\/carnetanatole.fr\/fr_fr\/wp-json\/wp\/v2\/pages\/4949","targetHints":{"allow":["GET"]}}],"collection":[{"href":"https:\/\/carnetanatole.fr\/fr_fr\/wp-json\/wp\/v2\/pages"}],"about":[{"href":"https:\/\/carnetanatole.fr\/fr_fr\/wp-json\/wp\/v2\/types\/page"}],"author":[{"embeddable":true,"href":"https:\/\/carnetanatole.fr\/fr_fr\/wp-json\/wp\/v2\/users\/1"}],"replies":[{"embeddable":true,"href":"https:\/\/carnetanatole.fr\/fr_fr\/wp-json\/wp\/v2\/comments?post=4949"}],"version-history":[{"count":2,"href":"https:\/\/carnetanatole.fr\/fr_fr\/wp-json\/wp\/v2\/pages\/4949\/revisions"}],"predecessor-version":[{"id":4969,"href":"https:\/\/carnetanatole.fr\/fr_fr\/wp-json\/wp\/v2\/pages\/4949\/revisions\/4969"}],"wp:attachment":[{"href":"https:\/\/carnetanatole.fr\/fr_fr\/wp-json\/wp\/v2\/media?parent=4949"}],"curies":[{"name":"wp","href":"https:\/\/api.w.org\/{rel}","templated":true}]}}