{"id":37,"date":"2018-11-08T17:15:01","date_gmt":"2018-11-08T17:15:01","guid":{"rendered":"https:\/\/carnetanatole.fr\/?page_id=37"},"modified":"2025-09-15T17:11:46","modified_gmt":"2025-09-15T17:11:46","slug":"contact","status":"publish","type":"page","link":"https:\/\/carnetanatole.fr\/fr_fr\/contact","title":{"rendered":"Me contacter"},"content":{"rendered":"<p>Vous avez une question sur les commandes personnalis\u00e9es ? Besoin de renseignements avant de passer commande dans la boutique ? N&rsquo;h\u00e9sitez pas \u00e0 me contacter sur mes diff\u00e9rents r\u00e9seaux sociaux ou \u00e0 utiliser ce formulaire !<\/p>\n<p>Si vous ne recevez pas de r\u00e9ponse dans les 48h, cela signifie que votre message a \u00e9t\u00e9 perdu. Renvoyez le au plus vite pour que je puisse r\u00e9pondre \u00e0 votre demande.<\/p>\n\n<div class=\"wp-block-jetpack-contact-form is-layout-flex wp-container-jetpack-contact-form-is-layout-2b4208ba wp-block-jetpack-contact-form-is-layout-flex\"><a href=\"https:\/\/carnetanatole.fr\/fr_fr\/contact\" target=\"_blank\" rel=\"noopener noreferrer\">Soumettre un formulaire.<\/a><\/div>","protected":false},"excerpt":{"rendered":"<p>Vous avez une question sur les commandes personnalis\u00e9es ? Besoin de renseignements avant de passer commande dans la boutique ? N&rsquo;h\u00e9sitez pas \u00e0 me contacter sur mes diff\u00e9rents r\u00e9seaux sociaux ou \u00e0 utiliser ce formulaire ! Si vous ne recevez pas de r\u00e9ponse dans les 48h, cela signifie que votre message a \u00e9t\u00e9 perdu. Renvoyez [&hellip;]<\/p>\n","protected":false},"author":1,"featured_media":0,"parent":0,"menu_order":0,"comment_status":"closed","ping_status":"closed","template":"","meta":{"_monsterinsights_skip_tracking":false,"_monsterinsights_sitenote_active":false,"_monsterinsights_sitenote_note":"","_monsterinsights_sitenote_category":0,"footnotes":"","_links_to":"","_links_to_target":""},"class_list":["post-37","page","type-page","status-publish","hentry"],"yoast_head":"<!-- This site is optimized with the Yoast SEO plugin v27.5 - https:\/\/yoast.com\/product\/yoast-seo-wordpress\/ -->\n<title>Me contacter - Les Carnets d&#039;Anatole<\/title>\n<meta name=\"robots\" content=\"index, follow, max-snippet:-1, max-image-preview:large, max-video-preview:-1\" \/>\n<link rel=\"canonical\" href=\"https:\/\/carnetanatole.fr\/fr_fr\/contact\/\" \/>\n<meta property=\"og:locale\" content=\"fr_FR\" \/>\n<meta property=\"og:type\" content=\"article\" \/>\n<meta property=\"og:title\" content=\"Me contacter - Les Carnets d&#039;Anatole\" \/>\n<meta property=\"og:description\" content=\"Vous avez une question sur les commandes personnalis\u00e9es ? Besoin de renseignements avant de passer commande dans la boutique ? N&rsquo;h\u00e9sitez pas \u00e0 me contacter sur mes diff\u00e9rents r\u00e9seaux sociaux ou \u00e0 utiliser ce formulaire ! Si vous ne recevez pas de r\u00e9ponse dans les 48h, cela signifie que votre message a \u00e9t\u00e9 perdu. Renvoyez [&hellip;]\" \/>\n<meta property=\"og:url\" content=\"https:\/\/carnetanatole.fr\/fr_fr\/contact\/\" \/>\n<meta property=\"og:site_name\" content=\"Les Carnets d&#039;Anatole\" \/>\n<meta property=\"article:modified_time\" content=\"2025-09-15T17:11:46+00:00\" \/>\n<meta name=\"twitter:card\" content=\"summary_large_image\" \/>\n<meta name=\"twitter:label1\" content=\"Dur\u00e9e de lecture estim\u00e9e\" \/>\n\t<meta name=\"twitter:data1\" content=\"1 minute\" \/>\n<script type=\"application\/ld+json\" class=\"yoast-schema-graph\">{\"@context\":\"https:\\\/\\\/schema.org\",\"@graph\":[{\"@type\":\"WebPage\",\"@id\":\"https:\\\/\\\/carnetanatole.fr\\\/contact\",\"url\":\"https:\\\/\\\/carnetanatole.fr\\\/contact\",\"name\":\"Me contacter - Les Carnets d&#039;Anatole\",\"isPartOf\":{\"@id\":\"https:\\\/\\\/carnetanatole.fr\\\/#website\"},\"datePublished\":\"2018-11-08T17:15:01+00:00\",\"dateModified\":\"2025-09-15T17:11:46+00:00\",\"breadcrumb\":{\"@id\":\"https:\\\/\\\/carnetanatole.fr\\\/contact#breadcrumb\"},\"inLanguage\":\"fr-FR\",\"potentialAction\":[{\"@type\":\"ReadAction\",\"target\":[\"https:\\\/\\\/carnetanatole.fr\\\/contact\"]}]},{\"@type\":\"BreadcrumbList\",\"@id\":\"https:\\\/\\\/carnetanatole.fr\\\/contact#breadcrumb\",\"itemListElement\":[{\"@type\":\"ListItem\",\"position\":1,\"name\":\"Accueil\",\"item\":\"https:\\\/\\\/carnetanatole.fr\\\/\"},{\"@type\":\"ListItem\",\"position\":2,\"name\":\"Me contacter\"}]},{\"@type\":\"WebSite\",\"@id\":\"https:\\\/\\\/carnetanatole.fr\\\/#website\",\"url\":\"https:\\\/\\\/carnetanatole.fr\\\/\",\"name\":\"Les Carnets d&#039;Anatole\",\"description\":\"Grimoires, carnets, et illustrations\",\"publisher\":{\"@id\":\"https:\\\/\\\/carnetanatole.fr\\\/#organization\"},\"potentialAction\":[{\"@type\":\"SearchAction\",\"target\":{\"@type\":\"EntryPoint\",\"urlTemplate\":\"https:\\\/\\\/carnetanatole.fr\\\/?s={search_term_string}\"},\"query-input\":{\"@type\":\"PropertyValueSpecification\",\"valueRequired\":true,\"valueName\":\"search_term_string\"}}],\"inLanguage\":\"fr-FR\"},{\"@type\":\"Organization\",\"@id\":\"https:\\\/\\\/carnetanatole.fr\\\/#organization\",\"name\":\"Les Carnets d&#039;Anatole\",\"url\":\"https:\\\/\\\/carnetanatole.fr\\\/\",\"logo\":{\"@type\":\"ImageObject\",\"inLanguage\":\"fr-FR\",\"@id\":\"https:\\\/\\\/carnetanatole.fr\\\/#\\\/schema\\\/logo\\\/image\\\/\",\"url\":\"https:\\\/\\\/i0.wp.com\\\/carnetanatole.fr\\\/wp-content\\\/uploads\\\/2025\\\/04\\\/Illustration95-2-scaled.png?fit=2560%2C2560&ssl=1\",\"contentUrl\":\"https:\\\/\\\/i0.wp.com\\\/carnetanatole.fr\\\/wp-content\\\/uploads\\\/2025\\\/04\\\/Illustration95-2-scaled.png?fit=2560%2C2560&ssl=1\",\"width\":2560,\"height\":2560,\"caption\":\"Les Carnets d&#039;Anatole\"},\"image\":{\"@id\":\"https:\\\/\\\/carnetanatole.fr\\\/#\\\/schema\\\/logo\\\/image\\\/\"}}]}<\/script>\n<!-- \/ Yoast SEO plugin. -->","yoast_head_json":{"title":"Me contacter - Les Carnets d&#039;Anatole","robots":{"index":"index","follow":"follow","max-snippet":"max-snippet:-1","max-image-preview":"max-image-preview:large","max-video-preview":"max-video-preview:-1"},"canonical":"https:\/\/carnetanatole.fr\/fr_fr\/contact\/","og_locale":"fr_FR","og_type":"article","og_title":"Me contacter - Les Carnets d&#039;Anatole","og_description":"Vous avez une question sur les commandes personnalis\u00e9es ? Besoin de renseignements avant de passer commande dans la boutique ? N&rsquo;h\u00e9sitez pas \u00e0 me contacter sur mes diff\u00e9rents r\u00e9seaux sociaux ou \u00e0 utiliser ce formulaire ! Si vous ne recevez pas de r\u00e9ponse dans les 48h, cela signifie que votre message a \u00e9t\u00e9 perdu. Renvoyez [&hellip;]","og_url":"https:\/\/carnetanatole.fr\/fr_fr\/contact\/","og_site_name":"Les Carnets d&#039;Anatole","article_modified_time":"2025-09-15T17:11:46+00:00","twitter_card":"summary_large_image","twitter_misc":{"Dur\u00e9e de lecture estim\u00e9e":"1 minute"},"schema":{"@context":"https:\/\/schema.org","@graph":[{"@type":"WebPage","@id":"https:\/\/carnetanatole.fr\/contact","url":"https:\/\/carnetanatole.fr\/contact","name":"Me contacter - Les Carnets d&#039;Anatole","isPartOf":{"@id":"https:\/\/carnetanatole.fr\/#website"},"datePublished":"2018-11-08T17:15:01+00:00","dateModified":"2025-09-15T17:11:46+00:00","breadcrumb":{"@id":"https:\/\/carnetanatole.fr\/contact#breadcrumb"},"inLanguage":"fr-FR","potentialAction":[{"@type":"ReadAction","target":["https:\/\/carnetanatole.fr\/contact"]}]},{"@type":"BreadcrumbList","@id":"https:\/\/carnetanatole.fr\/contact#breadcrumb","itemListElement":[{"@type":"ListItem","position":1,"name":"Accueil","item":"https:\/\/carnetanatole.fr\/"},{"@type":"ListItem","position":2,"name":"Me contacter"}]},{"@type":"WebSite","@id":"https:\/\/carnetanatole.fr\/#website","url":"https:\/\/carnetanatole.fr\/","name":"Les Carnets d&#039;Anatole","description":"Grimoires, carnets, et illustrations","publisher":{"@id":"https:\/\/carnetanatole.fr\/#organization"},"potentialAction":[{"@type":"SearchAction","target":{"@type":"EntryPoint","urlTemplate":"https:\/\/carnetanatole.fr\/?s={search_term_string}"},"query-input":{"@type":"PropertyValueSpecification","valueRequired":true,"valueName":"search_term_string"}}],"inLanguage":"fr-FR"},{"@type":"Organization","@id":"https:\/\/carnetanatole.fr\/#organization","name":"Les Carnets d&#039;Anatole","url":"https:\/\/carnetanatole.fr\/","logo":{"@type":"ImageObject","inLanguage":"fr-FR","@id":"https:\/\/carnetanatole.fr\/#\/schema\/logo\/image\/","url":"https:\/\/i0.wp.com\/carnetanatole.fr\/wp-content\/uploads\/2025\/04\/Illustration95-2-scaled.png?fit=2560%2C2560&ssl=1","contentUrl":"https:\/\/i0.wp.com\/carnetanatole.fr\/wp-content\/uploads\/2025\/04\/Illustration95-2-scaled.png?fit=2560%2C2560&ssl=1","width":2560,"height":2560,"caption":"Les Carnets d&#039;Anatole"},"image":{"@id":"https:\/\/carnetanatole.fr\/#\/schema\/logo\/image\/"}}]}},"jetpack_sharing_enabled":true,"jetpack_shortlink":"https:\/\/wp.me\/PaqFPH-B","_links":{"self":[{"href":"https:\/\/carnetanatole.fr\/fr_fr\/wp-json\/wp\/v2\/pages\/37","targetHints":{"allow":["GET"]}}],"collection":[{"href":"https:\/\/carnetanatole.fr\/fr_fr\/wp-json\/wp\/v2\/pages"}],"about":[{"href":"https:\/\/carnetanatole.fr\/fr_fr\/wp-json\/wp\/v2\/types\/page"}],"author":[{"embeddable":true,"href":"https:\/\/carnetanatole.fr\/fr_fr\/wp-json\/wp\/v2\/users\/1"}],"replies":[{"embeddable":true,"href":"https:\/\/carnetanatole.fr\/fr_fr\/wp-json\/wp\/v2\/comments?post=37"}],"version-history":[{"count":10,"href":"https:\/\/carnetanatole.fr\/fr_fr\/wp-json\/wp\/v2\/pages\/37\/revisions"}],"predecessor-version":[{"id":4029,"href":"https:\/\/carnetanatole.fr\/fr_fr\/wp-json\/wp\/v2\/pages\/37\/revisions\/4029"}],"wp:attachment":[{"href":"https:\/\/carnetanatole.fr\/fr_fr\/wp-json\/wp\/v2\/media?parent=37"}],"curies":[{"name":"wp","href":"https:\/\/api.w.org\/{rel}","templated":true}]}}