{"id":2295,"date":"2023-11-22T13:02:03","date_gmt":"2023-11-22T13:02:03","guid":{"rendered":"https:\/\/carnetanatole.fr\/?page_id=2295"},"modified":"2025-09-10T13:18:16","modified_gmt":"2025-09-10T13:18:16","slug":"commandes-personnalisees","status":"publish","type":"page","link":"https:\/\/carnetanatole.fr\/fr_fr\/commandes-personnalisees","title":{"rendered":"Commandes personnalis\u00e9es"},"content":{"rendered":"\n<div class=\"wp-block-cover alignfull is-light\" style=\"min-height:667px;aspect-ratio:unset;\"><span aria-hidden=\"true\" class=\"wp-block-cover__background has-background-dim-100 has-background-dim\" style=\"background-color:#239d21\"><\/span><div class=\"wp-block-cover__inner-container is-layout-flow wp-block-cover-is-layout-flow\">\n<div class=\"wp-block-group is-layout-flow wp-block-group-is-layout-flow\">\n<h1 class=\"wp-block-heading has-text-align-center has-body-background-color has-text-color\">Les commandes sont ouvertes !<\/h1>\n\n\n\n<p class=\"has-text-align-center has-body-background-color has-text-color has-large-font-size\">Vous aimez mon travail mais vous ne trouvez pas exactement <strong>le carnet ou le grimoire qu&rsquo;il vous faut<\/strong> ? Vous aimeriez voir <strong>votre id\u00e9e d&rsquo;illustration<\/strong> r\u00e9alis\u00e9e dans mon style ? Vous r\u00eavez d&rsquo;<strong>une version reli\u00e9e \u00e0 la main de votre roman auto-\u00e9dit\u00e9 <\/strong>?<\/p>\n\n\n\n<p class=\"has-text-align-center has-body-background-color has-text-color has-large-font-size\">Vous pouvez <a href=\"https:\/\/carnetanatole.fr\/invoquer-lartisan\">me contactez<\/a> pour plus d&rsquo;informations ou vous rendre directement sur la boutique pour r\u00e9server une des offres \u00e0 prix fixes, lorsque celles-ci sont disponibles.<\/p>\n\n\n\n<hr class=\"wp-block-separator has-text-color has-accent-color has-css-opacity has-accent-background-color has-background\"\/>\n<\/div>\n<\/div><\/div>\n\n\n\n<details class=\"wp-block-details is-layout-flow wp-block-details-is-layout-flow\"><summary><strong>Carnets, grimoires et livres d&rsquo;or<\/strong><\/summary>\n<p>Pour les carnets, je propose deux types de commandes :<\/p>\n\n\n\n<ul class=\"wp-block-list\">\n<li>la variante<\/li>\n\n\n\n<li>la sur-mesure<\/li>\n<\/ul>\n\n\n\n<p>Les <strong>variantes <\/strong>sont au m\u00eame tarif que leur \u00e9quivalent dans le catalogue, sous r\u00e9serve que j\u2019ai tous les mat\u00e9riaux \u00e0 disposition et\/ou que les mat\u00e9riaux n\u2019ont pas chang\u00e9 de tarif. Une variante correspond \u00e0 un carnet qui ressemble \u00e0 un carnet du catalogue, mais avec une modification pr\u00e9cise, par ex. : \u00ab\u00a0je veux le carnet carr\u00e9 grand format pour peindre, mais avec le papier renard, est-ce que c&rsquo;est possible ?\u00a0\u00bb. La r\u00e9ponse est oui !<\/p>\n\n\n\n<p>D&rsquo;autres exemples de variantes :<\/p>\n\n\n\n<ul class=\"wp-block-list\">\n<li>une autre couleur de ruban<\/li>\n\n\n\n<li>une autre teinte de li\u00e8ge<\/li>\n\n\n\n<li>un nombre de page diff\u00e9rent<\/li>\n\n\n\n<li>un autre format<\/li>\n\n\n\n<li>un papier diff\u00e9rent en couverture et en page de garde<\/li>\n\n\n\n<li>pas de ruban\/des rubans suppl\u00e9mentaires<\/li>\n\n\n\n<li>etc.<\/li>\n<\/ul>\n\n\n\n<p>Une majoration peut avoir lieu sur certaines variantes par rapport au prix du catalogue, par exemple si le papier appartient \u00e0 une autre collection, si le mat\u00e9riau n&rsquo;est plus en stock et a chang\u00e9 de prix \u00e0 la commande, si le format est plus grand, etc. Vous en serez inform\u00e9s au plus vite !<\/p>\n\n\n\n<p>Si, en revanche, vous ne savez pas exactement ce que vous recherchez, alors vous avez besoin d&rsquo;<strong>un carnet sur-mesure<\/strong> : <a href=\"https:\/\/carnetanatole.fr\/contact\">nous discutons ensemble<\/a> du carnet qui correspond le plus \u00e0 vos besoins. Je peux alors vous proposer diff\u00e9rentes options qui ne sont pas toujours disponibles dans le catalogue, jusqu&rsquo;\u00e0 mettre au point le carnet, grimoire ou livre d&rsquo;or qui r\u00e9pondra parfaitement \u00e0 la situation. Le tarif se fait sur devis, dans les fourchettes suivantes : <\/p>\n\n\n\n<ul class=\"wp-block-list\">\n<li>Carnets : \u00e0 partir de 50\u20ac<\/li>\n\n\n\n<li><a href=\"https:\/\/carnetanatole.fr\/portfolio-reliure\/portfolio-grimoire-vegetaux\">Grimoires<\/a> : \u00e0 partir de 200\u20ac<\/li>\n\n\n\n<li>Livres d&rsquo;or (grands formats, A4 et +) : \u00e0 partir de 100\u20ac<\/li>\n<\/ul>\n\n\n\n<p><strong>Mat\u00e9riaux<\/strong>&nbsp;:<\/p>\n\n\n\n<p>Je ne travaille pas avec des mat\u00e9riaux d\u2019origine animale (cuir, parchemin, etc.). Des similis sont disponibles pour int\u00e9grer l\u2019esth\u00e9tique de ces mat\u00e9riaux aux carnets.<\/p>\n\n\n\n<p>Je travaille avec un maximum de mat\u00e9riaux d\u2019origine recycl\u00e9 et de la meilleure qualit\u00e9 possible. J\u2019indique toujours dans les devis la part des mat\u00e9riaux utilis\u00e9s si jamais vous souhaiteriez changer de gamme.<\/p>\n<\/details>\n\n\n\n<details class=\"wp-block-details is-layout-flow wp-block-details-is-layout-flow\"><summary><strong>Illustrations<\/strong><\/summary>\n<p>Pour les illustrations, je vous propose deux types de commandes :<\/p>\n\n\n\n<ul class=\"wp-block-list\">\n<li>l&rsquo;illustration de personnages ou de d\u00e9cors<\/li>\n\n\n\n<li>le design de surface<\/li>\n<\/ul>\n\n\n\n<p>Si vous aimez<a href=\"https:\/\/carnetanatole.fr\/portfolio-illustration\/portfolio-grenouilles\"> mon univers color\u00e9 rempli de v\u00e9g\u00e9tal et de petites grenouilles joyeuses<\/a>, ou encore <a href=\"https:\/\/carnetanatole.fr\/portfolio-illustration\/portfolio-fantasy\">l&rsquo;univers un peu plus sombre mais magique de mes illustrations fantasy<\/a>, pourquoi ne pas faire appel \u00e0 mes services pour <strong>illustrer vos propres personnages et univers<\/strong> ? Je suis disponible pour des illustrations \u00e0 l&rsquo;unit\u00e9 ainsi que des illustrations d&rsquo;albums et romans. Tarifs sur devis, en fonction de votre projet : <a href=\"https:\/\/carnetanatole.fr\/contact\">contactez-moi<\/a> pour que nous en discutions !<\/p>\n\n\n\n<p>Je propose aussi une offre \u00e0 tarifs fixes pour le <strong>design de surface<\/strong>, et plus particuli\u00e8rement pour la cr\u00e9ation de motifs r\u00e9p\u00e9t\u00e9s pour des pages de garde ! Je vous invite \u00e0 consulter la page r\u00e9serv\u00e9e \u00e0 cet effet pour en savoir plus :<\/p>\n\n\n\n<div class=\"wp-block-buttons has-background is-content-justification-center is-layout-flex wp-container-core-buttons-is-layout-a89b3969 wp-block-buttons-is-layout-flex\" style=\"background-color:#239e2100\">\n<div class=\"wp-block-button is-style-outline is-style-outline--1\"><a class=\"wp-block-button__link has-primary-color has-base-background-color has-text-color has-background has-link-color has-text-align-center wp-element-button\" href=\"https:\/\/carnetanatole.fr\/pages-de-gardes-personnalisees\">Pages de garde personnalis\u00e9es<\/a><\/div>\n<\/div>\n<\/details>\n\n\n\n<p>Pr\u00eats \u00e0 passer commande ? Il vous reste encore des questions ? N&rsquo;h\u00e9sitez pas \u00e0 me contacter pour en savoir plus :<\/p>\n\n\n\n<div class=\"wp-block-buttons is-content-justification-center is-layout-flex wp-container-core-buttons-is-layout-a89b3969 wp-block-buttons-is-layout-flex\">\n<div class=\"wp-block-button is-style-outline is-style-outline--2\"><a class=\"wp-block-button__link has-primary-color has-base-background-color has-text-color has-background has-link-color wp-element-button\" href=\"https:\/\/carnetanatole.fr\/contact\">Me contacter<\/a><\/div>\n<\/div>\n\n\n\n<p class=\"has-text-align-center\" style=\"font-size:clamp(14.082px, 0.88rem + ((1vw - 3.2px) * 0.786), 21px);px\">Vous pouvez (re)d\u00e9couvrir l&rsquo;ensemble de mon travail sur les diff\u00e9rents portfolios :<\/p>\n\n\n\n<div class=\"wp-block-buttons is-content-justification-center is-layout-flex wp-container-core-buttons-is-layout-a89b3969 wp-block-buttons-is-layout-flex\">\n<div class=\"wp-block-button\"><a class=\"wp-block-button__link wp-element-button\" href=\"https:\/\/carnetanatole.fr\/portfolio-reliure\">Les carnets et grimoires<\/a><\/div>\n\n\n\n<div class=\"wp-block-button is-style-outline is-style-outline--3\"><a class=\"wp-block-button__link wp-element-button\" href=\"https:\/\/carnetanatole.fr\/portfolio-illustration\">Les illustrations<\/a><\/div>\n<\/div>\n","protected":false},"excerpt":{"rendered":"<p>Pr\u00eats \u00e0 passer commande ? Il vous reste encore des questions ? N&rsquo;h\u00e9sitez pas \u00e0 me contacter pour en savoir plus : Vous pouvez (re)d\u00e9couvrir l&rsquo;ensemble de mon travail sur les diff\u00e9rents portfolios :<\/p>\n","protected":false},"author":1,"featured_media":0,"parent":0,"menu_order":0,"comment_status":"closed","ping_status":"closed","template":"","meta":{"_monsterinsights_skip_tracking":false,"_monsterinsights_sitenote_active":false,"_monsterinsights_sitenote_note":"","_monsterinsights_sitenote_category":0,"footnotes":"","_links_to":"","_links_to_target":""},"class_list":["post-2295","page","type-page","status-publish","hentry"],"yoast_head":"<!-- This site is optimized with the Yoast SEO plugin v27.5 - https:\/\/yoast.com\/product\/yoast-seo-wordpress\/ -->\n<title>Commandes personnalis\u00e9es - Les Carnets d&#039;Anatole<\/title>\n<meta name=\"description\" content=\"Les Carnets d&#039;Anatole proposent des commandes personnalis\u00e9s de carnets reli\u00e9s \u00e0 la main et d&#039;illustrations \u00e0 l&#039;ambiance magique et v\u00e9g\u00e9tale.\" \/>\n<meta name=\"robots\" content=\"index, follow, max-snippet:-1, max-image-preview:large, max-video-preview:-1\" \/>\n<link rel=\"canonical\" href=\"https:\/\/carnetanatole.fr\/fr_fr\/commandes-personnalisees\/\" \/>\n<meta property=\"og:locale\" content=\"fr_FR\" \/>\n<meta property=\"og:type\" content=\"article\" \/>\n<meta property=\"og:title\" content=\"Commandes personnalis\u00e9es - Les Carnets d&#039;Anatole\" \/>\n<meta property=\"og:description\" content=\"Les Carnets d&#039;Anatole proposent des commandes personnalis\u00e9s de carnets reli\u00e9s \u00e0 la main et d&#039;illustrations \u00e0 l&#039;ambiance magique et v\u00e9g\u00e9tale.\" \/>\n<meta property=\"og:url\" content=\"https:\/\/carnetanatole.fr\/fr_fr\/commandes-personnalisees\/\" \/>\n<meta property=\"og:site_name\" content=\"Les Carnets d&#039;Anatole\" \/>\n<meta property=\"article:modified_time\" content=\"2025-09-10T13:18:16+00:00\" \/>\n<meta name=\"twitter:card\" content=\"summary_large_image\" \/>\n<meta name=\"twitter:label1\" content=\"Dur\u00e9e de lecture estim\u00e9e\" \/>\n\t<meta name=\"twitter:data1\" content=\"3 minutes\" \/>\n<script type=\"application\/ld+json\" class=\"yoast-schema-graph\">{\"@context\":\"https:\\\/\\\/schema.org\",\"@graph\":[{\"@type\":\"WebPage\",\"@id\":\"https:\\\/\\\/carnetanatole.fr\\\/commandes-personnalisees\",\"url\":\"https:\\\/\\\/carnetanatole.fr\\\/commandes-personnalisees\",\"name\":\"Commandes personnalis\u00e9es - Les Carnets d&#039;Anatole\",\"isPartOf\":{\"@id\":\"https:\\\/\\\/carnetanatole.fr\\\/#website\"},\"datePublished\":\"2023-11-22T13:02:03+00:00\",\"dateModified\":\"2025-09-10T13:18:16+00:00\",\"description\":\"Les Carnets d'Anatole proposent des commandes personnalis\u00e9s de carnets reli\u00e9s \u00e0 la main et d'illustrations \u00e0 l'ambiance magique et v\u00e9g\u00e9tale.\",\"breadcrumb\":{\"@id\":\"https:\\\/\\\/carnetanatole.fr\\\/commandes-personnalisees#breadcrumb\"},\"inLanguage\":\"fr-FR\",\"potentialAction\":[{\"@type\":\"ReadAction\",\"target\":[\"https:\\\/\\\/carnetanatole.fr\\\/commandes-personnalisees\"]}]},{\"@type\":\"BreadcrumbList\",\"@id\":\"https:\\\/\\\/carnetanatole.fr\\\/commandes-personnalisees#breadcrumb\",\"itemListElement\":[{\"@type\":\"ListItem\",\"position\":1,\"name\":\"Accueil\",\"item\":\"https:\\\/\\\/carnetanatole.fr\\\/\"},{\"@type\":\"ListItem\",\"position\":2,\"name\":\"Commandes personnalis\u00e9es\"}]},{\"@type\":\"WebSite\",\"@id\":\"https:\\\/\\\/carnetanatole.fr\\\/#website\",\"url\":\"https:\\\/\\\/carnetanatole.fr\\\/\",\"name\":\"Les Carnets d&#039;Anatole\",\"description\":\"Grimoires, carnets, et illustrations\",\"publisher\":{\"@id\":\"https:\\\/\\\/carnetanatole.fr\\\/#organization\"},\"potentialAction\":[{\"@type\":\"SearchAction\",\"target\":{\"@type\":\"EntryPoint\",\"urlTemplate\":\"https:\\\/\\\/carnetanatole.fr\\\/?s={search_term_string}\"},\"query-input\":{\"@type\":\"PropertyValueSpecification\",\"valueRequired\":true,\"valueName\":\"search_term_string\"}}],\"inLanguage\":\"fr-FR\"},{\"@type\":\"Organization\",\"@id\":\"https:\\\/\\\/carnetanatole.fr\\\/#organization\",\"name\":\"Les Carnets d&#039;Anatole\",\"url\":\"https:\\\/\\\/carnetanatole.fr\\\/\",\"logo\":{\"@type\":\"ImageObject\",\"inLanguage\":\"fr-FR\",\"@id\":\"https:\\\/\\\/carnetanatole.fr\\\/#\\\/schema\\\/logo\\\/image\\\/\",\"url\":\"https:\\\/\\\/i0.wp.com\\\/carnetanatole.fr\\\/wp-content\\\/uploads\\\/2025\\\/04\\\/Illustration95-2-scaled.png?fit=2560%2C2560&ssl=1\",\"contentUrl\":\"https:\\\/\\\/i0.wp.com\\\/carnetanatole.fr\\\/wp-content\\\/uploads\\\/2025\\\/04\\\/Illustration95-2-scaled.png?fit=2560%2C2560&ssl=1\",\"width\":2560,\"height\":2560,\"caption\":\"Les Carnets d&#039;Anatole\"},\"image\":{\"@id\":\"https:\\\/\\\/carnetanatole.fr\\\/#\\\/schema\\\/logo\\\/image\\\/\"}}]}<\/script>\n<!-- \/ Yoast SEO plugin. -->","yoast_head_json":{"title":"Commandes personnalis\u00e9es - Les Carnets d&#039;Anatole","description":"Les Carnets d'Anatole proposent des commandes personnalis\u00e9s de carnets reli\u00e9s \u00e0 la main et d'illustrations \u00e0 l'ambiance magique et v\u00e9g\u00e9tale.","robots":{"index":"index","follow":"follow","max-snippet":"max-snippet:-1","max-image-preview":"max-image-preview:large","max-video-preview":"max-video-preview:-1"},"canonical":"https:\/\/carnetanatole.fr\/fr_fr\/commandes-personnalisees\/","og_locale":"fr_FR","og_type":"article","og_title":"Commandes personnalis\u00e9es - Les Carnets d&#039;Anatole","og_description":"Les Carnets d'Anatole proposent des commandes personnalis\u00e9s de carnets reli\u00e9s \u00e0 la main et d'illustrations \u00e0 l'ambiance magique et v\u00e9g\u00e9tale.","og_url":"https:\/\/carnetanatole.fr\/fr_fr\/commandes-personnalisees\/","og_site_name":"Les Carnets d&#039;Anatole","article_modified_time":"2025-09-10T13:18:16+00:00","twitter_card":"summary_large_image","twitter_misc":{"Dur\u00e9e de lecture estim\u00e9e":"3 minutes"},"schema":{"@context":"https:\/\/schema.org","@graph":[{"@type":"WebPage","@id":"https:\/\/carnetanatole.fr\/commandes-personnalisees","url":"https:\/\/carnetanatole.fr\/commandes-personnalisees","name":"Commandes personnalis\u00e9es - Les Carnets d&#039;Anatole","isPartOf":{"@id":"https:\/\/carnetanatole.fr\/#website"},"datePublished":"2023-11-22T13:02:03+00:00","dateModified":"2025-09-10T13:18:16+00:00","description":"Les Carnets d'Anatole proposent des commandes personnalis\u00e9s de carnets reli\u00e9s \u00e0 la main et d'illustrations \u00e0 l'ambiance magique et v\u00e9g\u00e9tale.","breadcrumb":{"@id":"https:\/\/carnetanatole.fr\/commandes-personnalisees#breadcrumb"},"inLanguage":"fr-FR","potentialAction":[{"@type":"ReadAction","target":["https:\/\/carnetanatole.fr\/commandes-personnalisees"]}]},{"@type":"BreadcrumbList","@id":"https:\/\/carnetanatole.fr\/commandes-personnalisees#breadcrumb","itemListElement":[{"@type":"ListItem","position":1,"name":"Accueil","item":"https:\/\/carnetanatole.fr\/"},{"@type":"ListItem","position":2,"name":"Commandes personnalis\u00e9es"}]},{"@type":"WebSite","@id":"https:\/\/carnetanatole.fr\/#website","url":"https:\/\/carnetanatole.fr\/","name":"Les Carnets d&#039;Anatole","description":"Grimoires, carnets, et illustrations","publisher":{"@id":"https:\/\/carnetanatole.fr\/#organization"},"potentialAction":[{"@type":"SearchAction","target":{"@type":"EntryPoint","urlTemplate":"https:\/\/carnetanatole.fr\/?s={search_term_string}"},"query-input":{"@type":"PropertyValueSpecification","valueRequired":true,"valueName":"search_term_string"}}],"inLanguage":"fr-FR"},{"@type":"Organization","@id":"https:\/\/carnetanatole.fr\/#organization","name":"Les Carnets d&#039;Anatole","url":"https:\/\/carnetanatole.fr\/","logo":{"@type":"ImageObject","inLanguage":"fr-FR","@id":"https:\/\/carnetanatole.fr\/#\/schema\/logo\/image\/","url":"https:\/\/i0.wp.com\/carnetanatole.fr\/wp-content\/uploads\/2025\/04\/Illustration95-2-scaled.png?fit=2560%2C2560&ssl=1","contentUrl":"https:\/\/i0.wp.com\/carnetanatole.fr\/wp-content\/uploads\/2025\/04\/Illustration95-2-scaled.png?fit=2560%2C2560&ssl=1","width":2560,"height":2560,"caption":"Les Carnets d&#039;Anatole"},"image":{"@id":"https:\/\/carnetanatole.fr\/#\/schema\/logo\/image\/"}}]}},"jetpack_sharing_enabled":true,"jetpack_shortlink":"https:\/\/wp.me\/PaqFPH-B1","_links":{"self":[{"href":"https:\/\/carnetanatole.fr\/fr_fr\/wp-json\/wp\/v2\/pages\/2295","targetHints":{"allow":["GET"]}}],"collection":[{"href":"https:\/\/carnetanatole.fr\/fr_fr\/wp-json\/wp\/v2\/pages"}],"about":[{"href":"https:\/\/carnetanatole.fr\/fr_fr\/wp-json\/wp\/v2\/types\/page"}],"author":[{"embeddable":true,"href":"https:\/\/carnetanatole.fr\/fr_fr\/wp-json\/wp\/v2\/users\/1"}],"replies":[{"embeddable":true,"href":"https:\/\/carnetanatole.fr\/fr_fr\/wp-json\/wp\/v2\/comments?post=2295"}],"version-history":[{"count":8,"href":"https:\/\/carnetanatole.fr\/fr_fr\/wp-json\/wp\/v2\/pages\/2295\/revisions"}],"predecessor-version":[{"id":4016,"href":"https:\/\/carnetanatole.fr\/fr_fr\/wp-json\/wp\/v2\/pages\/2295\/revisions\/4016"}],"wp:attachment":[{"href":"https:\/\/carnetanatole.fr\/fr_fr\/wp-json\/wp\/v2\/media?parent=2295"}],"curies":[{"name":"wp","href":"https:\/\/api.w.org\/{rel}","templated":true}]}}