{"id":2295,"date":"2023-11-22T13:02:03","date_gmt":"2023-11-22T13:02:03","guid":{"rendered":"https:\/\/carnetanatole.fr\/?page_id=2295"},"modified":"2025-09-10T13:18:16","modified_gmt":"2025-09-10T13:18:16","slug":"commandes-personnalisees","status":"publish","type":"page","link":"https:\/\/carnetanatole.fr\/en\/commandes-personnalisees","title":{"rendered":"Commissions"},"content":{"rendered":"<div class=\"wp-block-cover alignfull is-light\" style=\"min-height:667px;aspect-ratio:unset;\"><span aria-hidden=\"true\" class=\"wp-block-cover__background has-background-dim-100 has-background-dim\" style=\"background-color:#239d21\"><\/span><div class=\"wp-block-cover__inner-container is-layout-flow wp-block-cover-is-layout-flow\">\n<div class=\"wp-block-group is-layout-flow wp-block-group-is-layout-flow\">\n<h1 class=\"wp-block-heading has-text-align-center has-body-background-color has-text-color\">Commissions are open !<\/h1>\n\n\n\n<p class=\"has-text-align-center has-body-background-color has-text-color has-large-font-size translation-block\">You like my work, but can't find exactly <strong>the perfect notebook or grimoire you need ?<\/strong> Or maybe, you'd love to see <strong>your own illustration idea<\/strong> in my style ? What about <strong>a handbound version of your self-published novel<\/strong> ?<\/p>\n\n\n\n<p class=\"has-text-align-center has-body-background-color has-text-color has-large-font-size translation-block\">You can <a href=\"https:\/\/carnetanatole.fr\/en\/invoquer-lartisan\/\" target=\"_self\">contact me<\/a> for more information, or visit the shop to book one of my commission offers (when available).<\/p>\n\n\n\n<hr class=\"wp-block-separator has-text-color has-accent-color has-css-opacity has-accent-background-color has-background\"\/>\n<\/div>\n<\/div><\/div>\n\n\n\n<details class=\"wp-block-details is-layout-flow wp-block-details-is-layout-flow\"><summary><strong>Notebooks, grimoires and guestbooks<\/strong><\/summary>\n<p>For bookbinding commissions, I offer two types of commissions :<\/p>\n\n\n\n<ul class=\"wp-block-list\">\n<li>the variant<\/li>\n\n\n\n<li>the one-of-a-kind<\/li>\n<\/ul>\n\n\n\n<p class=\"translation-block\"><strong>Variants <\/strong> prices are identical to their equivalent in the catalogue, provided that all materials are in stock and\/or materials costs didn't rise. A variant is a notebook that is similar to one existing in the catalogue, but with a specific modification, for ex. : \"I want this large square notebook for painting, but with the fox cover paper, is that possible ?\". The answer is yes !<\/p>\n\n\n\n<p>Other examples of variants :<\/p>\n\n\n\n<ul class=\"wp-block-list\">\n<li>ribbons with a different color<\/li>\n\n\n\n<li>another shade of cork<\/li>\n\n\n\n<li>more or less pages<\/li>\n\n\n\n<li>a different format\/size<\/li>\n\n\n\n<li>a different paper for the cover and the endpages<\/li>\n\n\n\n<li>no ribbons\/more ribbons<\/li>\n\n\n\n<li>etc.<\/li>\n<\/ul>\n\n\n\n<p>An additional fee can be added on certain variant compared to catalogue prices, for example if the cover paper belongs to another collection, if materials are no longer in stock and changed cost; if the size is bigger, etc. You will be informal of any additional fee as soon as possible, before invoicing !<\/p>\n\n\n\n<p class=\"translation-block\">If, however, you are not sure what you are looking for, then you need a <strong>one-of-a-king commission<\/strong> : <a href=\"https:\/\/carnetanatole.fr\/en\/contact\/\" target=\"_self\">we discuss together<\/a> what type of book will answer your needs the best. I may offer to you special options that are not always available in the catalogue, so that we can design together the notebook, grimoire or guestbook that will fit precisely the situation. Ask for a quote to know the price, but here are the starting prices for each category :<\/p>\n\n\n\n<ul class=\"wp-block-list\">\n<li>Notebooks : starting at 50\u20ac<\/li>\n\n\n\n<li class=\"translation-block\"><a href=\"https:\/\/carnetanatole.fr\/en\/portfolio-reliure\/portfolio-grimoire-vegetaux\/\" target=\"_self\">Grimoires<\/a> : starting at 200\u20ac<\/li>\n\n\n\n<li>Guestbooks (bigger size notebooks, A4 and more) : starting at 100\u20ac<\/li>\n<\/ul>\n\n\n\n<p><strong>Materials<\/strong>&nbsp;:<\/p>\n\n\n\n<p>I never work with materials with animal origin (leather, parchment, etc.) Similis are available to achieve the esthetic quality of these materials.<\/p>\n\n\n\n<p>I work as much as possible with recycled materials and with the highest quality possible. I always isolate cost of materials in quotes, if you need to adjust your budget.<\/p>\n<\/details>\n\n\n\n<details class=\"wp-block-details is-layout-flow wp-block-details-is-layout-flow\"><summary><strong>Illustrations<\/strong><\/summary>\n<p>For illustrations, I offer two types of commissions :<\/p>\n\n\n\n<ul class=\"wp-block-list\">\n<li>character or concept illustration<\/li>\n\n\n\n<li>surface design<\/li>\n<\/ul>\n\n\n\n<p class=\"translation-block\">If you like <a href=\"https:\/\/carnetanatole.fr\/en\/portfolio-illustration\/portfolio-grenouilles\/\" target=\"_self\"> my colorful world full of plants and happy little frogs<\/a>, or maybe <a href=\"https:\/\/carnetanatole.fr\/en\/portfolio-illustration\/portfolio-fantasy\/\" target=\"_self\">the darker and magical world of my fantasy illustrations<\/a>, why not ask me to create <b>an illustration of you own characters and worlds<\/b> ? I am available for work in single illustration as well as album and novel illustration. Ask for a quote with a description of your project : <a href=\"https:\/\/carnetanatole.fr\/en\/contact\/\" target=\"_self\">contact me<\/a> to know more !<\/p>\n\n\n\n<p class=\"translation-block\">I also offer my services for <b> surface design <\/b>, at a set rate, and more specifically for novel endpapers projects ! You can learn more on the project page :<\/p>\n\n\n\n<div class=\"wp-block-buttons has-background is-content-justification-center is-layout-flex wp-container-core-buttons-is-layout-a89b3969 wp-block-buttons-is-layout-flex\" style=\"background-color:#239e2100\">\n<div class=\"wp-block-button is-style-outline is-style-outline--1\"><a class=\"wp-block-button__link has-primary-color has-base-background-color has-text-color has-background has-link-color has-text-align-center wp-element-button\" href=\"https:\/\/carnetanatole.fr\/en\/pages-de-gardes-personnalisees\/\">Personalized endpapers<\/a><\/div>\n<\/div>\n<\/details>\n\n\n\n<p>Ready to place an order ? You still have questions ? Don't hesitate to contact me to know more :<\/p>\n\n\n\n<div class=\"wp-block-buttons is-content-justification-center is-layout-flex wp-container-core-buttons-is-layout-a89b3969 wp-block-buttons-is-layout-flex\">\n<div class=\"wp-block-button is-style-outline is-style-outline--2\"><a class=\"wp-block-button__link has-primary-color has-base-background-color has-text-color has-background has-link-color wp-element-button\" href=\"https:\/\/carnetanatole.fr\/en\/contact\/\">Contact<\/a><\/div>\n<\/div>\n\n\n\n<p class=\"has-text-align-center\" style=\"font-size:clamp(14.082px, 0.88rem + ((1vw - 3.2px) * 0.786), 21px);px\">You can (re)discover again my work in these portfolios :<\/p>\n\n\n\n<div class=\"wp-block-buttons is-content-justification-center is-layout-flex wp-container-core-buttons-is-layout-a89b3969 wp-block-buttons-is-layout-flex\">\n<div class=\"wp-block-button\"><a class=\"wp-block-button__link wp-element-button\" href=\"https:\/\/carnetanatole.fr\/en\/portfolio-reliure\/\">Notebooks and grimoires<\/a><\/div>\n\n\n\n<div class=\"wp-block-button is-style-outline is-style-outline--3\"><a class=\"wp-block-button__link wp-element-button\" href=\"https:\/\/carnetanatole.fr\/en\/portfolio-illustration\/\">Illustrations<\/a><\/div>\n<\/div>","protected":false},"excerpt":{"rendered":"<p>Pr\u00eats \u00e0 passer commande ? Il vous reste encore des questions ? N&rsquo;h\u00e9sitez pas \u00e0 me contacter pour en savoir plus : Vous pouvez (re)d\u00e9couvrir l&rsquo;ensemble de mon travail sur les diff\u00e9rents portfolios :<\/p>","protected":false},"author":1,"featured_media":0,"parent":0,"menu_order":0,"comment_status":"closed","ping_status":"closed","template":"","meta":{"_monsterinsights_skip_tracking":false,"_monsterinsights_sitenote_active":false,"_monsterinsights_sitenote_note":"","_monsterinsights_sitenote_category":0,"footnotes":"","_links_to":"","_links_to_target":""},"class_list":["post-2295","page","type-page","status-publish","hentry"],"yoast_head":"<!-- This site is optimized with the Yoast SEO plugin v27.5 - https:\/\/yoast.com\/product\/yoast-seo-wordpress\/ -->\n<title>Commandes personnalis\u00e9es - Les Carnets d&#039;Anatole<\/title>\n<meta name=\"description\" content=\"Les Carnets d&#039;Anatole proposent des commandes personnalis\u00e9s de carnets reli\u00e9s \u00e0 la main et d&#039;illustrations \u00e0 l&#039;ambiance magique et v\u00e9g\u00e9tale.\" \/>\n<meta name=\"robots\" content=\"index, follow, max-snippet:-1, max-image-preview:large, max-video-preview:-1\" \/>\n<link rel=\"canonical\" href=\"https:\/\/carnetanatole.fr\/en\/commandes-personnalisees\/\" \/>\n<meta property=\"og:locale\" content=\"en_GB\" \/>\n<meta property=\"og:type\" content=\"article\" \/>\n<meta property=\"og:title\" content=\"Commandes personnalis\u00e9es - Les Carnets d&#039;Anatole\" \/>\n<meta property=\"og:description\" content=\"Les Carnets d&#039;Anatole proposent des commandes personnalis\u00e9s de carnets reli\u00e9s \u00e0 la main et d&#039;illustrations \u00e0 l&#039;ambiance magique et v\u00e9g\u00e9tale.\" \/>\n<meta property=\"og:url\" content=\"https:\/\/carnetanatole.fr\/en\/commandes-personnalisees\/\" \/>\n<meta property=\"og:site_name\" content=\"Les Carnets d&#039;Anatole\" \/>\n<meta property=\"article:modified_time\" content=\"2025-09-10T13:18:16+00:00\" \/>\n<meta name=\"twitter:card\" content=\"summary_large_image\" \/>\n<meta name=\"twitter:label1\" content=\"Estimated reading time\" \/>\n\t<meta name=\"twitter:data1\" content=\"3 minutes\" \/>\n<script type=\"application\/ld+json\" class=\"yoast-schema-graph\">{\"@context\":\"https:\\\/\\\/schema.org\",\"@graph\":[{\"@type\":\"WebPage\",\"@id\":\"https:\\\/\\\/carnetanatole.fr\\\/commandes-personnalisees\",\"url\":\"https:\\\/\\\/carnetanatole.fr\\\/commandes-personnalisees\",\"name\":\"Commandes personnalis\u00e9es - Les Carnets d&#039;Anatole\",\"isPartOf\":{\"@id\":\"https:\\\/\\\/carnetanatole.fr\\\/#website\"},\"datePublished\":\"2023-11-22T13:02:03+00:00\",\"dateModified\":\"2025-09-10T13:18:16+00:00\",\"description\":\"Les Carnets d'Anatole proposent des commandes personnalis\u00e9s de carnets reli\u00e9s \u00e0 la main et d'illustrations \u00e0 l'ambiance magique et v\u00e9g\u00e9tale.\",\"breadcrumb\":{\"@id\":\"https:\\\/\\\/carnetanatole.fr\\\/commandes-personnalisees#breadcrumb\"},\"inLanguage\":\"en-GB\",\"potentialAction\":[{\"@type\":\"ReadAction\",\"target\":[\"https:\\\/\\\/carnetanatole.fr\\\/commandes-personnalisees\"]}]},{\"@type\":\"BreadcrumbList\",\"@id\":\"https:\\\/\\\/carnetanatole.fr\\\/commandes-personnalisees#breadcrumb\",\"itemListElement\":[{\"@type\":\"ListItem\",\"position\":1,\"name\":\"Accueil\",\"item\":\"https:\\\/\\\/carnetanatole.fr\\\/\"},{\"@type\":\"ListItem\",\"position\":2,\"name\":\"Commandes personnalis\u00e9es\"}]},{\"@type\":\"WebSite\",\"@id\":\"https:\\\/\\\/carnetanatole.fr\\\/#website\",\"url\":\"https:\\\/\\\/carnetanatole.fr\\\/\",\"name\":\"Les Carnets d&#039;Anatole\",\"description\":\"Grimoires, carnets, et illustrations\",\"publisher\":{\"@id\":\"https:\\\/\\\/carnetanatole.fr\\\/#organization\"},\"potentialAction\":[{\"@type\":\"SearchAction\",\"target\":{\"@type\":\"EntryPoint\",\"urlTemplate\":\"https:\\\/\\\/carnetanatole.fr\\\/?s={search_term_string}\"},\"query-input\":{\"@type\":\"PropertyValueSpecification\",\"valueRequired\":true,\"valueName\":\"search_term_string\"}}],\"inLanguage\":\"en-GB\"},{\"@type\":\"Organization\",\"@id\":\"https:\\\/\\\/carnetanatole.fr\\\/#organization\",\"name\":\"Les Carnets d&#039;Anatole\",\"url\":\"https:\\\/\\\/carnetanatole.fr\\\/\",\"logo\":{\"@type\":\"ImageObject\",\"inLanguage\":\"en-GB\",\"@id\":\"https:\\\/\\\/carnetanatole.fr\\\/#\\\/schema\\\/logo\\\/image\\\/\",\"url\":\"https:\\\/\\\/i0.wp.com\\\/carnetanatole.fr\\\/wp-content\\\/uploads\\\/2025\\\/04\\\/Illustration95-2-scaled.png?fit=2560%2C2560&ssl=1\",\"contentUrl\":\"https:\\\/\\\/i0.wp.com\\\/carnetanatole.fr\\\/wp-content\\\/uploads\\\/2025\\\/04\\\/Illustration95-2-scaled.png?fit=2560%2C2560&ssl=1\",\"width\":2560,\"height\":2560,\"caption\":\"Les Carnets d&#039;Anatole\"},\"image\":{\"@id\":\"https:\\\/\\\/carnetanatole.fr\\\/#\\\/schema\\\/logo\\\/image\\\/\"}}]}<\/script>\n<!-- \/ Yoast SEO plugin. -->","yoast_head_json":{"title":"Commandes personnalis\u00e9es - Les Carnets d&#039;Anatole","description":"Les Carnets d'Anatole proposent des commandes personnalis\u00e9s de carnets reli\u00e9s \u00e0 la main et d'illustrations \u00e0 l'ambiance magique et v\u00e9g\u00e9tale.","robots":{"index":"index","follow":"follow","max-snippet":"max-snippet:-1","max-image-preview":"max-image-preview:large","max-video-preview":"max-video-preview:-1"},"canonical":"https:\/\/carnetanatole.fr\/en\/commandes-personnalisees\/","og_locale":"en_GB","og_type":"article","og_title":"Commandes personnalis\u00e9es - Les Carnets d&#039;Anatole","og_description":"Les Carnets d'Anatole proposent des commandes personnalis\u00e9s de carnets reli\u00e9s \u00e0 la main et d'illustrations \u00e0 l'ambiance magique et v\u00e9g\u00e9tale.","og_url":"https:\/\/carnetanatole.fr\/en\/commandes-personnalisees\/","og_site_name":"Les Carnets d&#039;Anatole","article_modified_time":"2025-09-10T13:18:16+00:00","twitter_card":"summary_large_image","twitter_misc":{"Estimated reading time":"3 minutes"},"schema":{"@context":"https:\/\/schema.org","@graph":[{"@type":"WebPage","@id":"https:\/\/carnetanatole.fr\/commandes-personnalisees","url":"https:\/\/carnetanatole.fr\/commandes-personnalisees","name":"Commandes personnalis\u00e9es - Les Carnets d&#039;Anatole","isPartOf":{"@id":"https:\/\/carnetanatole.fr\/#website"},"datePublished":"2023-11-22T13:02:03+00:00","dateModified":"2025-09-10T13:18:16+00:00","description":"Les Carnets d'Anatole proposent des commandes personnalis\u00e9s de carnets reli\u00e9s \u00e0 la main et d'illustrations \u00e0 l'ambiance magique et v\u00e9g\u00e9tale.","breadcrumb":{"@id":"https:\/\/carnetanatole.fr\/commandes-personnalisees#breadcrumb"},"inLanguage":"en-GB","potentialAction":[{"@type":"ReadAction","target":["https:\/\/carnetanatole.fr\/commandes-personnalisees"]}]},{"@type":"BreadcrumbList","@id":"https:\/\/carnetanatole.fr\/commandes-personnalisees#breadcrumb","itemListElement":[{"@type":"ListItem","position":1,"name":"Accueil","item":"https:\/\/carnetanatole.fr\/"},{"@type":"ListItem","position":2,"name":"Commandes personnalis\u00e9es"}]},{"@type":"WebSite","@id":"https:\/\/carnetanatole.fr\/#website","url":"https:\/\/carnetanatole.fr\/","name":"Les Carnets d'Anatole","description":"Grimoires, notebooks, and illustrations","publisher":{"@id":"https:\/\/carnetanatole.fr\/#organization"},"potentialAction":[{"@type":"SearchAction","target":{"@type":"EntryPoint","urlTemplate":"https:\/\/carnetanatole.fr\/?s={search_term_string}"},"query-input":{"@type":"PropertyValueSpecification","valueRequired":true,"valueName":"search_term_string"}}],"inLanguage":"en-GB"},{"@type":"Organization","@id":"https:\/\/carnetanatole.fr\/#organization","name":"Les Carnets d'Anatole","url":"https:\/\/carnetanatole.fr\/","logo":{"@type":"ImageObject","inLanguage":"en-GB","@id":"https:\/\/carnetanatole.fr\/#\/schema\/logo\/image\/","url":"https:\/\/i0.wp.com\/carnetanatole.fr\/wp-content\/uploads\/2025\/04\/Illustration95-2-scaled.png?fit=2560%2C2560&ssl=1","contentUrl":"https:\/\/i0.wp.com\/carnetanatole.fr\/wp-content\/uploads\/2025\/04\/Illustration95-2-scaled.png?fit=2560%2C2560&ssl=1","width":2560,"height":2560,"caption":"Les Carnets d&#039;Anatole"},"image":{"@id":"https:\/\/carnetanatole.fr\/#\/schema\/logo\/image\/"}}]}},"jetpack_sharing_enabled":true,"jetpack_shortlink":"https:\/\/wp.me\/PaqFPH-B1","_links":{"self":[{"href":"https:\/\/carnetanatole.fr\/en\/wp-json\/wp\/v2\/pages\/2295","targetHints":{"allow":["GET"]}}],"collection":[{"href":"https:\/\/carnetanatole.fr\/en\/wp-json\/wp\/v2\/pages"}],"about":[{"href":"https:\/\/carnetanatole.fr\/en\/wp-json\/wp\/v2\/types\/page"}],"author":[{"embeddable":true,"href":"https:\/\/carnetanatole.fr\/en\/wp-json\/wp\/v2\/users\/1"}],"replies":[{"embeddable":true,"href":"https:\/\/carnetanatole.fr\/en\/wp-json\/wp\/v2\/comments?post=2295"}],"version-history":[{"count":8,"href":"https:\/\/carnetanatole.fr\/en\/wp-json\/wp\/v2\/pages\/2295\/revisions"}],"predecessor-version":[{"id":4016,"href":"https:\/\/carnetanatole.fr\/en\/wp-json\/wp\/v2\/pages\/2295\/revisions\/4016"}],"wp:attachment":[{"href":"https:\/\/carnetanatole.fr\/en\/wp-json\/wp\/v2\/media?parent=2295"}],"curies":[{"name":"wp","href":"https:\/\/api.w.org\/{rel}","templated":true}]}}